{"id":1048,"date":"2017-07-05T10:51:30","date_gmt":"2017-07-05T10:51:30","guid":{"rendered":"http:\/\/www.fornetti.evomio.com\/?page_id=1048"},"modified":"2024-04-15T07:10:56","modified_gmt":"2024-04-15T07:10:56","slug":"pentru-sanatatea-ta","status":"publish","type":"page","link":"https:\/\/www.fornetti.md\/?page_id=1048","title":{"rendered":"Pentru s\u0103n\u0103tatea ta"},"content":{"rendered":"<p><strong>Alimenta\u0163ia s\u0103n\u0103toas\u0103 &#8211; actual\u0103<\/strong><\/p>\n<p>Harald Tangl, unul dintre cei mai cunoscu\u0163i speciali\u015fti de nutri\u0163ie din secolul XX, spunea: &#8222;Una dintre cele mai importante activit\u0103\u0163i din via\u0163a omului este alimenta\u021bia. Natura ne-a \u00eenzestrat pe to\u0163i cu o for\u0163\u0103 puternic\u0103: instinctul de supravie\u0163uire, care ne oblig\u0103 s\u0103 asigur\u0103m organismul cu alimentele necesare.&#8221; Putem fi de acord cu acest enun\u0163, \u00eens\u0103 acesta este foarte complex, deoarece, ce \u00eenseamn\u0103 de fapt alimentele necesare? Dincolo de cantitate, ce parametri de calitate caracterizeaz\u0103 raportul dintre compozi\u0163ie \u015fi necesitate nutri\u021bional\u0103? &#8221;<br \/>\nDe ce alege consumatorul con\u015ftient de s\u0103n\u0103tate, produsele FORNETTI?<\/p>\n<p>FORNETTI \u2013 care ofer\u0103 consumatorilor de mul\u0163i ani produse de calitate excelent\u0103 \u015fi deosebit de gustoase \u2013 se str\u0103duie\u015fte s\u0103 \u00eendeplineasc\u0103 cerin\u0163ele rezultate din extinderea cuno\u015ftin\u0163elor \u015ftiin\u0163elor de nutri\u0163ie, extinz\u00e2nd \u015fi modific\u00e2nd \u00een mod constant gama de produse. Cea mai nou\u0103 dezvoltare are ca scop dezvoltarea sortimentului de PRODUSE DE PANIFCA\u0162IE. Acesta este un grup de produse a c\u0103rui comercializare st\u00e2rne\u015fte \u00een mod justificat interesul consumatorului care dore\u0219te s\u0103 se aib\u0103 o alimenta\u021bie s\u0103n\u0103toas\u0103.<\/p>\n<p>Conform defini\u0163iei ESKI (Eg\u00e9szs\u00e9g\u00fcgyi Strat\u00e9giai Kutat\u00f3int\u00e9zet &#8211; Institutul Strategic de Cercetare a S\u0103n\u0103t\u0103\u021bii) comportamentul con\u015ftient de s\u0103n\u0103tate este un mod de g\u00e2ndire \u015fi de via\u0163\u0103 prin care individul:<\/p>\n<ul>\n<li>Consider\u0103 importante \u015fi aplic\u0103 considerentele de s\u0103n\u0103tate \u00een deciziile sale \u00een interesul propriu \u015fi al mediului mai restr\u00e2ns sau mai larg;<\/li>\n<li>Prin controlul con\u015ftient al obiceiurilor sale (de ex: nutri\u0163ie corect\u0103, mi\u015fcare, obiceiuri sexuale, evitarea obiceiurilor nocive \u015fi ale viciilor etc.) particip\u0103 activ la dezvoltarea s\u0103n\u0103t\u0103\u0163ii sale,<\/li>\n<li>\u00ce\u015fi \u00eensu\u015fe\u015fte capacitatea de ajutare laic\u0103 \u015fi de auto-ajutare.<\/li>\n<\/ul>\n<p>Este cunoscut c\u0103 alimenta\u0163ia unei mari p\u0103r\u0163i a popula\u0163iei poate fi considerat\u0103 nes\u0103n\u0103toas\u0103 din mai multe puncte de vedere. Problema fundamental\u0103 &#8211; cu caracter general &#8211; este urm\u0103toarea: aportul de gr\u0103sime, zah\u0103r \u0219i sare este prea mare, cel de carbohidra\u0163i buni, minerale \u015fi de fibre este prea mic. Deci, consumul oric\u0103rui produs care \u00eembun\u0103t\u0103\u0163e\u015fte aceast\u0103 situa\u0163ie, poate fi considerat comportament con\u015ftient din punct de vedere al s\u0103n\u0103t\u0103\u0163ii.<\/p>\n<p>Consumatorul con\u015ftient de s\u0103n\u0103tate solicit\u0103 produse care, dincolo de caracteristici organoleptice bune \u015fi un raport pre\u0163\/calitate bun, corespund cerin\u0163elor unei nutri\u0163ii moderne \u015fi din punct de vedere al compozi\u0163iei. Consumatorul con\u015ftient de s\u0103n\u0103tate cump\u0103r\u0103 \u015fi consum\u0103 produse care &#8211; evident, consumate \u00een limita responsabil\u0103 &#8211; au un efect benefic asupra s\u0103n\u0103t\u0103\u0163ii acestuia.<br \/>\nFornetti, care ofer\u0103 consumatorilor de mul\u0163i ani produse de calitate excelent\u0103 \u015fi deosebit de gustoase \u2013 se str\u0103duie\u015fte s\u0103 \u00eendeplineasc\u0103 cerin\u0163ele rezultate din extinderea cuno\u015ftin\u0163elor despre nutri\u0163ie, extinz\u00e2nd \u015fi modific\u00e2nd \u00een mod constant gama de produse.<\/p>\n<p>Doar c\u00e2teva exemple de modific\u0103ri aplicate pentru compozi\u0163ia mai s\u0103n\u0103toas\u0103 a produselor: Fornetti a fost printre primii produc\u0103tori din domeniu, \u00een Ungaria, care deja din anul 2007 a \u00eenlocuit margarina tradi\u0163ional\u0103 cu margarin\u0103 cu con\u0163inut minim de transacizi gra\u015fi (sub 2%) astfel \u00eenc\u00e2t cheltuielile suplimentare nu au fost aplicate clien\u0163ilor. Am \u00eenlocuit \u00een mod constant umpluturile ob\u021binute din extracte de fructe, cu umpluturi ce con\u021bin pulpa fructului. Unul dintre produsele de top, Forrnetti cu bacon a fost \u00eenlocuit de un produs cu carne de pui, consumatorii prefer\u00e2nd un produs cu con\u021binut mai mic de gr\u0103simi, un produs mai s\u0103n\u0103tos. Pe l\u00e2ng\u0103 acestea, acord\u0103m aten\u0163ie \u015fi optimiz\u0103rii utiliz\u0103rii de sare \u015fi zah\u0103r.<\/p>\n<p>De men\u021bionat c\u0103 toate umpluturile se preg\u0103tesc pe loc din produse autohtone ce au trecut un control riguros la capitolul con\u021binerii de pesticide, OMG (organisme modificate genetic) sau al\u021bi agen\u021bi patogeni.<\/p>\n","protected":false},"excerpt":{"rendered":"<p>Alimenta\u0163ia s\u0103n\u0103toas\u0103 &#8211; actual\u0103 Harald Tangl, unul dintre cei mai cunoscu\u0163i speciali\u015fti de nutri\u0163ie din secolul XX, spunea: &#8222;Una dintre cele mai importante activit\u0103\u0163i din via\u0163a omului este alimenta\u021bia. Natura ne-a \u00eenzestrat pe to\u0163i cu o for\u0163\u0103 puternic\u0103: instinctul de supravie\u0163uire, care ne oblig\u0103 s\u0103 asigur\u0103m organismul cu alimentele necesare.&#8221; Putem fi de acord cu [&hellip;]<\/p>\n","protected":false},"author":2,"featured_media":0,"parent":1129,"menu_order":0,"comment_status":"closed","ping_status":"closed","template":"template-page-full-width.php","meta":{"footnotes":""},"_links":{"self":[{"href":"https:\/\/www.fornetti.md\/index.php?rest_route=\/wp\/v2\/pages\/1048"}],"collection":[{"href":"https:\/\/www.fornetti.md\/index.php?rest_route=\/wp\/v2\/pages"}],"about":[{"href":"https:\/\/www.fornetti.md\/index.php?rest_route=\/wp\/v2\/types\/page"}],"author":[{"embeddable":true,"href":"https:\/\/www.fornetti.md\/index.php?rest_route=\/wp\/v2\/users\/2"}],"replies":[{"embeddable":true,"href":"https:\/\/www.fornetti.md\/index.php?rest_route=%2Fwp%2Fv2%2Fcomments&post=1048"}],"version-history":[{"count":5,"href":"https:\/\/www.fornetti.md\/index.php?rest_route=\/wp\/v2\/pages\/1048\/revisions"}],"predecessor-version":[{"id":3571,"href":"https:\/\/www.fornetti.md\/index.php?rest_route=\/wp\/v2\/pages\/1048\/revisions\/3571"}],"up":[{"embeddable":true,"href":"https:\/\/www.fornetti.md\/index.php?rest_route=\/wp\/v2\/pages\/1129"}],"wp:attachment":[{"href":"https:\/\/www.fornetti.md\/index.php?rest_route=%2Fwp%2Fv2%2Fmedia&parent=1048"}],"curies":[{"name":"wp","href":"https:\/\/api.w.org\/{rel}","templated":true}]}}