{"id":1065,"date":"2017-07-05T11:41:15","date_gmt":"2017-07-05T11:41:15","guid":{"rendered":"http:\/\/www.fornetti.evomio.com\/?page_id=1065"},"modified":"2024-03-26T07:29:45","modified_gmt":"2024-03-26T07:29:45","slug":"despre-noi","status":"publish","type":"page","link":"https:\/\/www.fornetti.md\/?page_id=1065","title":{"rendered":"INFO"},"content":{"rendered":"<p>[vc_row row_type=&#8221;row&#8221; stretch_row_type=&#8221;no&#8221;][vc_column][vc_column_text]<strong>Istoria noastra<\/strong><\/p>\n<p><strong>1997<\/strong><br \/>\nMaistrul brutar J\u00f3zsef Pal\u00e1sti&nbsp; a \u00eenfiin\u0163at Fornetii Kft. la 01.03.1997 sub forma unei afaceri de familie. Producerea preparatelor de panifica\u0163ie congelat\u0103, cu caracter de me\u015fte\u015fug, a \u00eenceput \u00eentr-o cas\u0103 reconstruit\u0103 din Kecskem\u00e9t. La \u00eenceput, gama produselor a constat doar din Pog\u0103cele cu ca\u015fcaval \u015fi Pog\u0103cele cu jum\u0103ri, produse pe care, spre deosebire de practica european\u0103, clien\u0163ii puteau s\u0103 le cumpere la kilogram,&nbsp;nu la bucat\u0103. Comercializarea produselor Fornetti era realizat\u0103 \u00eentr-o re\u021bea nou\u0103 de magazine cu coacere la vedere, \u00een sistem de franciz\u0103, p\u00e2n\u0103 atunci necunoscut\u0103 \u00een Ungaria. Baza consta din unit\u0103\u0163i de coacere mobile care puteau fi amplasate \u0219i extinse u\u015for.<\/p>\n<p><strong>2000<\/strong><br \/>\nDep\u0103\u015find capacitatea regional\u0103, Fornetti Franchise a devenit un sistem na\u0163ional de comer\u021b, care a cucerit pia\u0163a \u015fi a devenit marc\u0103 \u00eenregistrat\u0103 recunoscut\u0103. Produsele Fornetti puteau fi g\u0103site \u00een magazinele alimentare din cele mai importante localit\u0103\u021bi ale Ungariei.<br \/>\nNum\u0103rul partenerilor de franciz\u0103 din Ungaria a crescut p\u00e2n\u0103 la 1.200, ceea ce constituia peste 1.500 puncte de coacere \u015fi contracte de franciz\u0103.<br \/>\nFranciza dispunea de peste 2.700 puncte de coacere \u00een Europa Central\u0103 \u0219i de Est.<br \/>\nC\u0103tre a. 2000 s-a deschis prima hal\u0103 de produc\u021bie \u00een mas\u0103 a preparatelor de panifica\u021bie congelat\u0103, la Kiskunf\u00e9legyh\u00e1za.<\/p>\n<p><strong>2001<\/strong><br \/>\nLa 01.05. a fost introdus \u00een sistem <strong>cuptorul dezvoltat de Fornetti, cu comand\u0103 digital\u0103 &#8222;Forno di Fornetti&#8221;<\/strong>.<br \/>\n\u00cen cuptorul nou, calitatea produselor coapte era mult mai bun\u0103 \u015fi mai constant\u0103 dec\u00e2t \u00een modelele anterioare, care erau doar modificate. Avantajul cuptorului este c\u0103 operarea necesit\u0103 supraveghere mai pu\u0163in\u0103, func\u0163ioneaz\u0103 programat \u015fi dup\u0103 introducerea produsului, aparatul execut\u0103 to\u0163i pa\u015fii (de ex. aburire) \u015fi anun\u0163\u0103 terminarea timpului de coacere.<br \/>\n\u00cen august s-a inaugurat Centrul de Export Fornetti, la Kecskem\u00e9t, care \u00een momentul de fa\u021b\u0103 este baza de coordonare a Fornetti Group \u0219i se \u00eentinde pe o suprafa\u021b\u0103 de peste 4.000 m\u00b2.<\/p>\n<p><strong>2002<\/strong><br \/>\nSerbia a aderat la sistemul de Master Franciz\u0103.<br \/>\n\u2022 luna martie a fost marcat\u0103 de apari\u021bia produselor f\u0103r\u0103 drojdie, express.<br \/>\n\u2022 \u00een luna mai au fost introduse pe pia\u021b\u0103 produsele la bucat\u0103.<\/p>\n<p><strong>2003<\/strong><br \/>\nFabrica de la Kiskunf\u00e9legyh\u00e1za a fost modernizat\u0103 \u0219i dotat\u0103 cu un cuptor de tip tunel cu o suprafa\u021b\u0103 de 150m\u00b2. S-a deschis primul magazin extra-european, \u00een Kuwait.<br \/>\nAu fost lansate produsele precoapte \u0219i coapte.<\/p>\n<p><strong>2004<\/strong><br \/>\nFornetti intr\u0103 \u00een posesia certificatului BVQI care atest\u0103 certificarea IFS \u0219i ISO 9001-2000.<br \/>\nAu fost lansate produsele predospite.<br \/>\nA \u00eenceput dezvoltarea sistemului Fornetti \u00een Ucraina.<\/p>\n<p><strong>2005<\/strong><br \/>\nA fost inaugurat\u0103 hala de produc\u021bie a Fornetti Pannon KFT.<br \/>\nFranciza Fornetti a ocupat locul 3 \u00een topul francizelor din Europa<\/p>\n<p><strong>2007<\/strong><br \/>\nFornetti a fost printre primele companii care a utilizat doar margarin\u0103 &#8222;bun\u0103&#8221;, s\u0103rac\u0103 \u00een transacizi gra\u015fi. Desigur, acest lucru a impus solu\u0163ii tehnologice de fabrica\u0163ie noi, pe l\u00e2ng\u0103 p\u0103strarea valorilor de savoare obi\u015fnuite \u015fi consisten\u0163a identic\u0103 a produselor. Din octombrie 2007, produsele Fornetti nu mai sunt fabricate cu margarin\u0103 hidrogenat\u0103.<\/p>\n<p>Se asimileaz\u0103 \u00een produc\u021bie sortimentele de tip pizza iar produsele la bucat\u0103 se stabilizeaz\u0103 ca num\u0103r. Tehnologiile de coacere cunosc transform\u0103ri generate de particularit\u0103\u021bile tipurilor de produse, sunt asimilate noi tipuri de cuptoare.[\/vc_column_text][\/vc_column][\/vc_row]<\/p>\n","protected":false},"excerpt":{"rendered":"<p>[vc_row row_type=&#8221;row&#8221; stretch_row_type=&#8221;no&#8221;][vc_column][vc_column_text]Istoria noastra 1997 Maistrul brutar J\u00f3zsef Pal\u00e1sti&nbsp; a \u00eenfiin\u0163at Fornetii Kft. la 01.03.1997 sub forma unei afaceri de familie. Producerea preparatelor de panifica\u0163ie congelat\u0103, cu caracter de me\u015fte\u015fug, a \u00eenceput \u00eentr-o cas\u0103 reconstruit\u0103 din Kecskem\u00e9t. La \u00eenceput, gama produselor a constat doar din Pog\u0103cele cu ca\u015fcaval \u015fi Pog\u0103cele cu jum\u0103ri, produse pe care, [&hellip;]<\/p>\n","protected":false},"author":2,"featured_media":0,"parent":0,"menu_order":0,"comment_status":"closed","ping_status":"closed","template":"template-page-full-width.php","meta":{"footnotes":""},"_links":{"self":[{"href":"https:\/\/www.fornetti.md\/index.php?rest_route=\/wp\/v2\/pages\/1065"}],"collection":[{"href":"https:\/\/www.fornetti.md\/index.php?rest_route=\/wp\/v2\/pages"}],"about":[{"href":"https:\/\/www.fornetti.md\/index.php?rest_route=\/wp\/v2\/types\/page"}],"author":[{"embeddable":true,"href":"https:\/\/www.fornetti.md\/index.php?rest_route=\/wp\/v2\/users\/2"}],"replies":[{"embeddable":true,"href":"https:\/\/www.fornetti.md\/index.php?rest_route=%2Fwp%2Fv2%2Fcomments&post=1065"}],"version-history":[{"count":9,"href":"https:\/\/www.fornetti.md\/index.php?rest_route=\/wp\/v2\/pages\/1065\/revisions"}],"predecessor-version":[{"id":3416,"href":"https:\/\/www.fornetti.md\/index.php?rest_route=\/wp\/v2\/pages\/1065\/revisions\/3416"}],"wp:attachment":[{"href":"https:\/\/www.fornetti.md\/index.php?rest_route=%2Fwp%2Fv2%2Fmedia&parent=1065"}],"curies":[{"name":"wp","href":"https:\/\/api.w.org\/{rel}","templated":true}]}}