{"id":1129,"date":"2018-01-27T19:00:19","date_gmt":"2018-01-27T19:00:19","guid":{"rendered":"http:\/\/www.fornetti.md\/?page_id=1129"},"modified":"2024-04-18T05:21:48","modified_gmt":"2024-04-18T05:21:48","slug":"produse","status":"publish","type":"page","link":"https:\/\/www.fornetti.md\/?page_id=1129","title":{"rendered":"Produse"},"content":{"rendered":"\n<figure class=\"wp-block-image aligncenter size-full is-resized\"><img loading=\"lazy\" decoding=\"async\" width=\"512\" height=\"512\" src=\"http:\/\/www.fornetti.md\/wp-content\/uploads\/2024\/04\/cropped-fornetti2-1.png\" alt=\"\" class=\"wp-image-3509\" style=\"width:29px;height:auto\" srcset=\"https:\/\/www.fornetti.md\/wp-content\/uploads\/2024\/04\/cropped-fornetti2-1.png 512w, https:\/\/www.fornetti.md\/wp-content\/uploads\/2024\/04\/cropped-fornetti2-1-300x300.png 300w, https:\/\/www.fornetti.md\/wp-content\/uploads\/2024\/04\/cropped-fornetti2-1-150x150.png 150w, https:\/\/www.fornetti.md\/wp-content\/uploads\/2024\/04\/cropped-fornetti2-1-270x270.png 270w, https:\/\/www.fornetti.md\/wp-content\/uploads\/2024\/04\/cropped-fornetti2-1-192x192.png 192w, https:\/\/www.fornetti.md\/wp-content\/uploads\/2024\/04\/cropped-fornetti2-1-180x180.png 180w, https:\/\/www.fornetti.md\/wp-content\/uploads\/2024\/04\/cropped-fornetti2-1-32x32.png 32w\" sizes=\"(max-width: 512px) 100vw, 512px\" \/><\/figure>\n\n\n\n<p class=\"has-text-align-center\">Produsele \u0219i brandul Fornetti sunt recunoscute \u0219i apreciate \u00een toat\u0103 Ungaria, Rom\u00e2nia, Bulgaria \u0219i \u00een Europa central-estic\u0103. <\/p>\n\n\n\n<p class=\"has-text-align-center\">Eficien\u021ba sistemului de parteneriat \u0219i calitatea produselor a avut ca rezultat faptul c\u0103 Fornetti a devenit lider de pia\u021b\u0103, iar produsele sale sunt consumate de mai mult de 2 milioane de persoane.[vc_row row_type=&#8221;row&#8221; stretch_row_type=&#8221;no&#8221; css=&#8221;.vc_custom_1509867990638{padding-top: 50px !important;padding-bottom: 80px !important;}&#8221;]<\/p>\n\n\n\n<p class=\"has-text-align-center\">[vc_column][vc_row_inner css=&#8221;.vc_custom_1516529071820{padding-top: 40px !important;}&#8221;][vc_column_inner width=&#8221;1\/2&#8243;][vc_single_image image=&#8221;1134&#8243; img_size=&#8221;full&#8221; alignment=&#8221;center&#8221; onclick=&#8221;custom_link&#8221; link=&#8221;http:\/\/www.fornetti.md\/?page_id=1218\/&#8221;][vc_custom_heading text=&#8221;Mini&#8221; font_container=&#8221;tag:h2|font_size:2http:\/\/www.fornetti.md\/?page_id=12185px|text_align:center|line_height:28px&#8221; google_fonts=&#8221;font_family:Roboto%3A100%2C100italic%2C300%2C300italic%2Cregular%2Citalic%2C500%2C500italic%2C700%2C700italic%2C900%2C900italic|font_style:700%20bold%20regular%3A700%3Anormal&#8221; link=&#8221;url:http%3A%2F%2Fwww.fornetti.md\/?page_id=1218\/|title:Mini||&#8221;][\/vc_column_inner][vc_column_inner width=&#8221;1\/2&#8243;][vc_single_image image=&#8221;1138&#8243; img_size=&#8221;full&#8221; alignment=&#8221;center&#8221; onclick=&#8221;custom_link&#8221; link=&#8221;http:\/\/www.fornetti.md\/?page_id=1250\/&#8221;][vc_custom_heading text=&#8221;La bucat\u0103&#8221; font_container=&#8221;tag:h2|font_size:25px|text_align:center|line_height:28px&#8221; google_fonts=&#8221;font_family:Roboto%3A100%2C100italic%2C300%2C300italic%2Cregular%2Citalic%2C500%2C500italic%2C700%2C700italic%2C900%2C900italic|font_style:700%20bold%20regular%3A700%3Anormal&#8221; link=&#8221;url:http%3A%2F%2Fwww.fornetti.md\/?page_id=1250\/F|title:La%20bucat%C4%83||&#8221;][\/vc_column_inner][\/vc_row_inner][\/vc_column][\/vc_row][vc_row row_type=&#8221;row&#8221; stretch_row_type=&#8221;no&#8221;][vc_column][vc_column_text]<\/p>\n\n\n\n<p class=\"has-text-align-center\"><\/p>\n","protected":false},"excerpt":{"rendered":"<p>Produsele \u0219i brandul Fornetti sunt recunoscute \u0219i apreciate \u00een toat\u0103 Ungaria, Rom\u00e2nia, Bulgaria \u0219i \u00een Europa central-estic\u0103. Eficien\u021ba sistemului de parteneriat \u0219i calitatea produselor a avut ca rezultat faptul c\u0103 Fornetti a devenit lider de pia\u021b\u0103, iar produsele sale sunt consumate de mai mult de 2 milioane de persoane.[vc_row row_type=&#8221;row&#8221; stretch_row_type=&#8221;no&#8221; css=&#8221;.vc_custom_1509867990638{padding-top: 50px !important;padding-bottom: 80px [&hellip;]<\/p>\n","protected":false},"author":2,"featured_media":0,"parent":0,"menu_order":0,"comment_status":"closed","ping_status":"closed","template":"template-page-full-width-vc.php","meta":{"footnotes":""},"_links":{"self":[{"href":"https:\/\/www.fornetti.md\/index.php?rest_route=\/wp\/v2\/pages\/1129"}],"collection":[{"href":"https:\/\/www.fornetti.md\/index.php?rest_route=\/wp\/v2\/pages"}],"about":[{"href":"https:\/\/www.fornetti.md\/index.php?rest_route=\/wp\/v2\/types\/page"}],"author":[{"embeddable":true,"href":"https:\/\/www.fornetti.md\/index.php?rest_route=\/wp\/v2\/users\/2"}],"replies":[{"embeddable":true,"href":"https:\/\/www.fornetti.md\/index.php?rest_route=%2Fwp%2Fv2%2Fcomments&post=1129"}],"version-history":[{"count":41,"href":"https:\/\/www.fornetti.md\/index.php?rest_route=\/wp\/v2\/pages\/1129\/revisions"}],"predecessor-version":[{"id":3791,"href":"https:\/\/www.fornetti.md\/index.php?rest_route=\/wp\/v2\/pages\/1129\/revisions\/3791"}],"wp:attachment":[{"href":"https:\/\/www.fornetti.md\/index.php?rest_route=%2Fwp%2Fv2%2Fmedia&parent=1129"}],"curies":[{"name":"wp","href":"https:\/\/api.w.org\/{rel}","templated":true}]}}