{"id":1213,"date":"2018-02-12T23:36:52","date_gmt":"2018-02-12T23:36:52","guid":{"rendered":"http:\/\/www.fornetti.md\/?page_id=1213"},"modified":"2018-12-20T08:47:09","modified_gmt":"2018-12-20T08:47:09","slug":"productia","status":"publish","type":"page","link":"https:\/\/www.fornetti.md\/?page_id=1213","title":{"rendered":"Produc\u021bia"},"content":{"rendered":"<p>Siguran\u021ba consumatorilor este cea mai mare valoare. Pentru a garanta acest lucru, Fornetti opereaz\u0103 un sistem informatic complex de administrare a materialelor \u015fi de tehnologie proprie, care urm\u0103re\u015fte, documenteaz\u0103 \u015fi verific\u0103 siguran\u0163a alimentar\u0103 \u015fi calitatea produselor de la materia prim\u0103 p\u00e2n\u0103 la produsul finit.<\/p>\n<p>\u00cen fabricile noastre, calitatea \u00eenalt\u0103 de produc\u0163ie este asigurat\u0103 de c\u0103tre utilaje de produc\u0163ie italiene \u015fi germane automate \u015fi semiautomate cu cea mai modern\u0103 tehnologie \u015fi angaja\u0163i bine preg\u0103ti\u0163i.<\/p>\n<p>Produsele noastre con\u0163in doar materii prime de la furnizori care \u00eendeplinesc condi\u0163iile stricte de calitate, verificate regulat. Materiile prime pot intra \u00een procesul de produc\u0163ie doar dac\u0103 to\u0163i parametrii corespund exigen\u021belor stabilite \u015fi a fost efectuat\u0103 verificarea microbiologic\u0103 \u00een propriul laborator.<\/p>\n<p>Sistemul nostru de m\u0103surare \u015fi colectare a datelor de fabrica\u0163ie urm\u0103re\u015fte produsul de la dospire p\u00e2n\u0103 la ambalare. Acesta este un sistem fix \u00een liniile de produc\u0163ie cu senzori \u015fi sta\u0163ii de m\u0103surare pentru efectuarea m\u0103sur\u0103torilor \u00een timpii prev\u0103zu\u0163i de c\u0103tre program. Datele stocate de c\u0103tre sistem sunt accesibile online persoanelor autorizate, astfel fiind posibil\u0103 interven\u021bia speciali\u015ftilor oric\u00e2nd este nevoie.<\/p>\n<p>Verificarea obiectiv\u0103 a calit\u0103\u0163ii \u015fi a igienei este asigurat\u0103 de c\u0103tre sistemul nostru digital de verificare a calit\u0103\u0163ii. Cu ajutorul acestui sistem mobil propriu dezvoltat, verific\u0103rile sunt efectuate conform unei structuri \u015fi a unui chestionar prestabilit. Chestionarul permite verificare maxim\u0103, elimin\u00e2nd subiectivitatea muncitorului. \u00cen cadrul verific\u0103rii parametrilor de igien\u0103 \u015fi de produc\u0163ie, sistemul avertizeaz\u0103 \u00een caz de devieri, transmi\u0163\u00e2nd imediat un semnal de alarm\u0103 pe telefonul celor responsabili. Astfel, ace\u015ftia au posibilitatea s\u0103 intervin\u0103 imediat.<br \/>\nFornetti prelucreaz\u0103 \u00een produsele sale materiile prime naturale de cea mai bun\u0103 calitate \u015fi \u00ee\u015fi d\u0103 silin\u0163a s\u0103 fabrice produse cu cel mai bun efect nutri\u021bional. Produsele cu caracter casnic sunt fabricate la scar\u0103 industrial\u0103, astfel \u00eenc\u00e2t re\u0163etele originale nu sufer\u0103 modific\u0103ri de nici un fel, datorit\u0103 siguran\u0163ei, exactit\u0103\u0163ii, igienei \u015fi calit\u0103\u0163ii constante, asigurate de c\u0103tre o fabric\u0103 automatizat\u0103.<\/p>\n<p>Dezvoltatorii de produse iau \u00een considerare cele mai noi rezultate de cercetare ale \u015ftiin\u0163ei alimentare \u015fi colaboreaz\u0103 cu cercet\u0103torii de v\u00e2rf din acest domeniu pentru a oferi consumatorilor cele mai noi rezultate interna\u0163ionale ale \u015ftiin\u0163ei sub forma unor produse de panifica\u0163ie gustoase, &#8222;\u00eentotdeauna calde&#8221;.<\/p>\n<p><strong>Deveni\u0163i partenerul nostru de franciz\u0103<\/strong><br \/>\nScopul fiec\u0103rei afaceri este ob\u021binerea de profit, cu riscuri minime. Sistemul de franciz\u0103 Fornetti permite ca Dvs. s\u0103 v\u0103 extinde\u0163i oferta magazinului existent cu o investi\u0163ie mic\u0103 sau s\u0103 \u00eencepe\u0163i o afacere nou\u0103, profitabil\u0103.<\/p>\n<p>Condi\u0163ia de baz\u0103 a unei afaceri prospere este un spa\u0163iu aflat \u00eentr-un loc cu trafic pietonal intens (centru, \u015fcoal\u0103, sta\u0163ie de autobuz, institu\u0163ie medical\u0103 etc.). Colegii no\u015ftri efectueaz\u0103 o evaluare \u00een cadrul unei \u00eent\u00e2lniri programate \u00een prealabil, referitoare la pozi\u0163ia \u015fi amenajarea spa\u0163iului \u015fi v\u0103 ofer\u0103 informa\u0163ii detaliate referitoare la cerin\u0163e \u015fi posibilit\u0103\u0163i. \u00cen cazul \u00een care condi\u0163iile de aderare corespund ambelor p\u0103r\u0163i, se poate \u00eencheia contractul de colaborare.<\/p>\n<p><strong>Sistemul de comenzi<\/strong><br \/>\nComenzile partenerilor no\u015ftri sunt preluate \u015fi stocate de c\u0103tre colegii no\u015ftri din Contabilitate, care informeaz\u0103 \u00een acela\u015fi timp partenerii \u015fi despre orice schimb\u0103ri ap\u0103rute \u00een cadrul asortimentului. \u00cen baza comenzii livr\u0103m partenerilor no\u015ftri de dou\u0103\/trei ori pe s\u0103pt\u0103m\u00e2n\u0103 produsele congelate.<\/p>\n<p><strong>Livrarea m\u0103rfii<\/strong><br \/>\nLivrarea produselor p\u00e2n\u0103 la punctul de coacere este un serviciu de baz\u0103 gratuit al francizei Fornetti pentru parteneri. Acest lucru este realizat cu ajutorul vehiculelor frigorifice acord\u00e2nd aten\u0163ie mare ca lan\u0163ul de r\u0103cire s\u0103 nu fie \u00eentrerupt.<\/p>\n<p><strong>Principiul de baz\u0103 al sistemului de livrare:<\/strong><br \/>\n<strong>Produsul s\u0103 fie \u00ceNTOTDEAUNA livrat<\/strong><br \/>\n\u2022 punctual;<br \/>\n\u2022 la calitatea potrivit\u0103;<br \/>\n\u2022 \u00een cantitatea potrivit\u0103;<br \/>\n\u2022 la locul potrivit.<\/p>\n","protected":false},"excerpt":{"rendered":"<p>Siguran\u021ba consumatorilor este cea mai mare valoare. Pentru a garanta acest lucru, Fornetti opereaz\u0103 un sistem informatic complex de administrare a materialelor \u015fi de tehnologie proprie, care urm\u0103re\u015fte, documenteaz\u0103 \u015fi verific\u0103 siguran\u0163a alimentar\u0103 \u015fi calitatea produselor de la materia prim\u0103 p\u00e2n\u0103 la produsul finit. \u00cen fabricile noastre, calitatea \u00eenalt\u0103 de produc\u0163ie este asigurat\u0103 de c\u0103tre [&hellip;]<\/p>\n","protected":false},"author":2,"featured_media":0,"parent":0,"menu_order":0,"comment_status":"closed","ping_status":"closed","template":"template-page-full-width.php","meta":{"footnotes":""},"_links":{"self":[{"href":"https:\/\/www.fornetti.md\/index.php?rest_route=\/wp\/v2\/pages\/1213"}],"collection":[{"href":"https:\/\/www.fornetti.md\/index.php?rest_route=\/wp\/v2\/pages"}],"about":[{"href":"https:\/\/www.fornetti.md\/index.php?rest_route=\/wp\/v2\/types\/page"}],"author":[{"embeddable":true,"href":"https:\/\/www.fornetti.md\/index.php?rest_route=\/wp\/v2\/users\/2"}],"replies":[{"embeddable":true,"href":"https:\/\/www.fornetti.md\/index.php?rest_route=%2Fwp%2Fv2%2Fcomments&post=1213"}],"version-history":[{"count":4,"href":"https:\/\/www.fornetti.md\/index.php?rest_route=\/wp\/v2\/pages\/1213\/revisions"}],"predecessor-version":[{"id":3561,"href":"https:\/\/www.fornetti.md\/index.php?rest_route=\/wp\/v2\/pages\/1213\/revisions\/3561"}],"wp:attachment":[{"href":"https:\/\/www.fornetti.md\/index.php?rest_route=%2Fwp%2Fv2%2Fmedia&parent=1213"}],"curies":[{"name":"wp","href":"https:\/\/api.w.org\/{rel}","templated":true}]}}