{"id":1247,"date":"2018-03-13T13:54:39","date_gmt":"2018-03-13T13:54:39","guid":{"rendered":"http:\/\/www.fornetti.md\/?page_id=1247"},"modified":"2022-08-18T08:48:11","modified_gmt":"2022-08-18T08:48:11","slug":"mini-cu-carne-de-pui-si-ciuperci","status":"publish","type":"page","link":"https:\/\/www.fornetti.md\/?page_id=1247","title":{"rendered":"Mini cu carne de pui \u0219i ciuperci"},"content":{"rendered":"<h2 style=\"text-align: center;\">Mini cu carne de pui \u0219i ciuperci<\/h2>\n<p style=\"text-align: center;\"><a href=\"http:\/\/www.fornetti.md\/produse-mini\/mini-cu-carne-de-pui-si-ciuperci\/\"><img loading=\"lazy\" decoding=\"async\" class=\"aligncenter wp-image-1269 size-medium\" src=\"http:\/\/www.fornetti.md\/wp-content\/uploads\/2018\/03\/mini1-300x186-300x186.png\" alt=\"\" width=\"300\" height=\"186\" \/><\/a>Mini-franzelu\u021b\u0103 crocant\u0103 cu umplutur\u0103 fin\u0103 din carne de pui cu ciuperci.<\/p>\n<p style=\"text-align: center;\">\n<table class=\"data aligncenter\" style=\"height: 181px;\" width=\"349\">\n<tbody>\n<tr>\n<td class=\"value\"><span style=\"color: #000000;\">Greutatea<\/span><\/td>\n<td class=\"value\"><span style=\"color: #000000;\">30\u00a0<\/span><\/td>\n<\/tr>\n<tr>\n<td class=\"value\"><span style=\"color: #000000;\">Valoarea energetic\u0103 (kJ\/100g)<\/span><\/td>\n<td class=\"value\"><span style=\"color: #000000;\">1246.40<\/span><\/td>\n<\/tr>\n<tr>\n<td class=\"value\"><span style=\"color: #000000;\">Valoarea nutritiv\u0103 (kcal\/100g)<\/span><\/td>\n<td class=\"value\"><span style=\"color: #000000;\">297.90<\/span><\/td>\n<\/tr>\n<tr>\n<td class=\"value\"><span style=\"color: #000000;\">Proteine (g\/100g)<\/span><\/td>\n<td class=\"value\"><span style=\"color: #000000;\">8.10<\/span><\/td>\n<\/tr>\n<tr>\n<td class=\"value\"><span style=\"color: #000000;\">Carbohidra\u021bi (g\/100g)<\/span><\/td>\n<td class=\"value\"><span style=\"color: #000000;\">24.30<\/span><\/td>\n<\/tr>\n<tr>\n<td class=\"value\"><span style=\"color: #000000;\">Gr\u0103simi (g\/100g)<\/span><\/td>\n<td class=\"value\"><span style=\"color: #000000;\">18.40<\/span><\/td>\n<\/tr>\n<\/tbody>\n<\/table>\n","protected":false},"excerpt":{"rendered":"<p>Mini cu carne de pui \u0219i ciuperci Mini-franzelu\u021b\u0103 crocant\u0103 cu umplutur\u0103 fin\u0103 din carne de pui cu ciuperci. Greutatea 30\u00a0 Valoarea energetic\u0103 (kJ\/100g) 1246.40 Valoarea nutritiv\u0103 (kcal\/100g) 297.90 Proteine (g\/100g) 8.10 Carbohidra\u021bi (g\/100g) 24.30 Gr\u0103simi (g\/100g) 18.40<\/p>\n","protected":false},"author":2,"featured_media":0,"parent":1218,"menu_order":0,"comment_status":"closed","ping_status":"closed","template":"template-page-full-width-vc.php","meta":{"footnotes":""},"_links":{"self":[{"href":"https:\/\/www.fornetti.md\/index.php?rest_route=\/wp\/v2\/pages\/1247"}],"collection":[{"href":"https:\/\/www.fornetti.md\/index.php?rest_route=\/wp\/v2\/pages"}],"about":[{"href":"https:\/\/www.fornetti.md\/index.php?rest_route=\/wp\/v2\/types\/page"}],"author":[{"embeddable":true,"href":"https:\/\/www.fornetti.md\/index.php?rest_route=\/wp\/v2\/users\/2"}],"replies":[{"embeddable":true,"href":"https:\/\/www.fornetti.md\/index.php?rest_route=%2Fwp%2Fv2%2Fcomments&post=1247"}],"version-history":[{"count":21,"href":"https:\/\/www.fornetti.md\/index.php?rest_route=\/wp\/v2\/pages\/1247\/revisions"}],"predecessor-version":[{"id":3117,"href":"https:\/\/www.fornetti.md\/index.php?rest_route=\/wp\/v2\/pages\/1247\/revisions\/3117"}],"up":[{"embeddable":true,"href":"https:\/\/www.fornetti.md\/index.php?rest_route=\/wp\/v2\/pages\/1218"}],"wp:attachment":[{"href":"https:\/\/www.fornetti.md\/index.php?rest_route=%2Fwp%2Fv2%2Fmedia&parent=1247"}],"curies":[{"name":"wp","href":"https:\/\/api.w.org\/{rel}","templated":true}]}}