{"id":1277,"date":"2018-03-06T00:04:56","date_gmt":"2018-03-06T00:04:56","guid":{"rendered":"http:\/\/www.fornetti.md\/?page_id=1277"},"modified":"2022-08-26T06:38:24","modified_gmt":"2022-08-26T06:38:24","slug":"mini-cu-cascaval-si-porumb","status":"publish","type":"page","link":"https:\/\/www.fornetti.md\/?page_id=1277","title":{"rendered":"Mini cu cascaval si porumb"},"content":{"rendered":"<h2 style=\"text-align: center;\">Mini cu cascaval si porumb<\/h2>\n<p style=\"text-align: center;\"><img loading=\"lazy\" decoding=\"async\" class=\"aligncenter wp-image-1278 size-medium\" src=\"http:\/\/www.fornetti.md\/wp-content\/uploads\/2018\/03\/mini3-300x193-300x193.png\" alt=\"\" width=\"300\" height=\"193\" \/>Foietaj cu umplutur\u0103 de ca\u015fcaval \u015fi crem\u0103 de br\u00e2nz\u0103, dospit preliminar, congelat rapid.<br \/>Pentru diversificare, pres\u0103rat cu f\u0103in\u0103 de porumb.<\/p>\n<table class=\"data aligncenter\" style=\"height: 181px;\" width=\"349\">\n<tbody>\n<tr>\n<td class=\"value\"><span style=\"color: #000000;\">Greutatea<\/span><\/td>\n<td class=\"value\"><span style=\"color: #000000;\">30\u00a0<\/span><\/td>\n<\/tr>\n<tr>\n<td class=\"value\"><span style=\"color: #000000;\">Valoarea energetic\u0103 (kJ\/100g)<\/span><\/td>\n<td class=\"value\"><span style=\"color: #000000;\">1114<\/span><\/td>\n<\/tr>\n<tr>\n<td class=\"value\"><span style=\"color: #000000;\">Valoarea energetic\u0103 (kcal\/100g)<\/span><\/td>\n<td class=\"value\"><span style=\"color: #000000;\">266<\/span><\/td>\n<\/tr>\n<tr>\n<td class=\"value\"><span style=\"color: #000000;\">Proteine (g\/100g)<\/span><\/td>\n<td class=\"value\"><span style=\"color: #000000;\">6.8<\/span><\/td>\n<\/tr>\n<tr>\n<td class=\"value\"><span style=\"color: #000000;\">Carbohidra\u021bi (g\/100g)<\/span><\/td>\n<td class=\"value\"><span style=\"color: #000000;\">28,2<\/span><\/td>\n<\/tr>\n<tr>\n<td class=\"value\"><span style=\"color: #000000;\">Gr\u0103simi (g\/100g)<\/span><\/td>\n<td class=\"value\"><span style=\"color: #000000;\">13,8<\/span><\/td>\n<\/tr>\n<\/tbody>\n<\/table>\n\n\n<p><\/p>\n","protected":false},"excerpt":{"rendered":"<p>Mini cu cascaval si porumb Foietaj cu umplutur\u0103 de ca\u015fcaval \u015fi crem\u0103 de br\u00e2nz\u0103, dospit preliminar, congelat rapid.Pentru diversificare, pres\u0103rat cu f\u0103in\u0103 de porumb. Greutatea 30\u00a0 Valoarea energetic\u0103 (kJ\/100g) 1114 Valoarea energetic\u0103 (kcal\/100g) 266 Proteine (g\/100g) 6.8 Carbohidra\u021bi (g\/100g) 28,2 Gr\u0103simi (g\/100g) 13,8<\/p>\n","protected":false},"author":2,"featured_media":0,"parent":1218,"menu_order":0,"comment_status":"closed","ping_status":"closed","template":"template-page-full-width-vc.php","meta":{"footnotes":""},"_links":{"self":[{"href":"https:\/\/www.fornetti.md\/index.php?rest_route=\/wp\/v2\/pages\/1277"}],"collection":[{"href":"https:\/\/www.fornetti.md\/index.php?rest_route=\/wp\/v2\/pages"}],"about":[{"href":"https:\/\/www.fornetti.md\/index.php?rest_route=\/wp\/v2\/types\/page"}],"author":[{"embeddable":true,"href":"https:\/\/www.fornetti.md\/index.php?rest_route=\/wp\/v2\/users\/2"}],"replies":[{"embeddable":true,"href":"https:\/\/www.fornetti.md\/index.php?rest_route=%2Fwp%2Fv2%2Fcomments&post=1277"}],"version-history":[{"count":16,"href":"https:\/\/www.fornetti.md\/index.php?rest_route=\/wp\/v2\/pages\/1277\/revisions"}],"predecessor-version":[{"id":3209,"href":"https:\/\/www.fornetti.md\/index.php?rest_route=\/wp\/v2\/pages\/1277\/revisions\/3209"}],"up":[{"embeddable":true,"href":"https:\/\/www.fornetti.md\/index.php?rest_route=\/wp\/v2\/pages\/1218"}],"wp:attachment":[{"href":"https:\/\/www.fornetti.md\/index.php?rest_route=%2Fwp%2Fv2%2Fmedia&parent=1277"}],"curies":[{"name":"wp","href":"https:\/\/api.w.org\/{rel}","templated":true}]}}