{"id":1296,"date":"2018-03-06T01:55:48","date_gmt":"2018-03-06T01:55:48","guid":{"rendered":"http:\/\/www.fornetti.md\/?page_id=1296"},"modified":"2022-08-25T07:33:20","modified_gmt":"2022-08-25T07:33:20","slug":"mini-cu-caise","status":"publish","type":"page","link":"https:\/\/www.fornetti.md\/?page_id=1296","title":{"rendered":"Mini cu caise"},"content":{"rendered":"<p>[vc_column][vc_column_text]<\/p>\n<h2 style=\"text-align: center;\">Mini cu caise<\/h2>\n<p><img loading=\"lazy\" decoding=\"async\" class=\"aligncenter wp-image-1297 size-medium\" src=\"http:\/\/www.fornetti.md\/wp-content\/uploads\/2018\/03\/mini4-300x187-300x187.png\" alt=\"\" width=\"300\" height=\"187\" \/><\/p>\n<p style=\"text-align: center;\">Foietaj predospit, congelat rapid, cu umplutur\u0103 din preparat cu gust de caise<\/p>\n\n\n<figure class=\"wp-block-table aligncenter\"><table><tbody><tr><td>Greutatea<\/td><td>30<\/td><\/tr><tr><td>Valoare nutritiv\u0103 medie \u00een 100g de produse<\/td><\/tr><tr><td>Valoare energetic\u0103 (kJ\/100g)<\/td><td>1569<\/td><\/tr><tr><td>Valoare energetic\u0103 (kcal\/100g)<\/td><td>374<\/td><\/tr><tr><td>Gr\u0103simi (g\/100g)<\/td><td>16.68<\/td><\/tr><tr><td>Saturated fatty acids (g\/100g)<\/td><td>8.2<\/td><\/tr><tr><td>Carbohidra\u0163i (g\/100g)<\/td><td>48.2<\/td><\/tr><tr><td>Zah\u0103r (g\/100g)<\/td><td>20.2<\/td><\/tr><tr><td>Proteine (g\/100g)<\/td><td>6.1<\/td><\/tr><tr><td>Sare (NaCl) (g\/100g)<\/td><td>0.78<\/td><\/tr><tr><td>Alergeni<\/td><td>gluten, lapte, soia<\/td><\/tr><\/tbody><\/table><\/figure>\n","protected":false},"excerpt":{"rendered":"<p>[vc_column][vc_column_text] Mini cu caise Foietaj predospit, congelat rapid, cu umplutur\u0103 din preparat cu gust de caise Greutatea 30 Valoare nutritiv\u0103 medie \u00een 100g de produse Valoare energetic\u0103 (kJ\/100g) 1569 Valoare energetic\u0103 (kcal\/100g) 374 Gr\u0103simi (g\/100g) 16.68 Saturated fatty acids (g\/100g) 8.2 Carbohidra\u0163i (g\/100g) 48.2 Zah\u0103r (g\/100g) 20.2 Proteine (g\/100g) 6.1 Sare (NaCl) (g\/100g) 0.78 Alergeni [&hellip;]<\/p>\n","protected":false},"author":2,"featured_media":0,"parent":1218,"menu_order":0,"comment_status":"closed","ping_status":"closed","template":"template-page-full-width-vc.php","meta":{"footnotes":""},"_links":{"self":[{"href":"https:\/\/www.fornetti.md\/index.php?rest_route=\/wp\/v2\/pages\/1296"}],"collection":[{"href":"https:\/\/www.fornetti.md\/index.php?rest_route=\/wp\/v2\/pages"}],"about":[{"href":"https:\/\/www.fornetti.md\/index.php?rest_route=\/wp\/v2\/types\/page"}],"author":[{"embeddable":true,"href":"https:\/\/www.fornetti.md\/index.php?rest_route=\/wp\/v2\/users\/2"}],"replies":[{"embeddable":true,"href":"https:\/\/www.fornetti.md\/index.php?rest_route=%2Fwp%2Fv2%2Fcomments&post=1296"}],"version-history":[{"count":10,"href":"https:\/\/www.fornetti.md\/index.php?rest_route=\/wp\/v2\/pages\/1296\/revisions"}],"predecessor-version":[{"id":3179,"href":"https:\/\/www.fornetti.md\/index.php?rest_route=\/wp\/v2\/pages\/1296\/revisions\/3179"}],"up":[{"embeddable":true,"href":"https:\/\/www.fornetti.md\/index.php?rest_route=\/wp\/v2\/pages\/1218"}],"wp:attachment":[{"href":"https:\/\/www.fornetti.md\/index.php?rest_route=%2Fwp%2Fv2%2Fmedia&parent=1296"}],"curies":[{"name":"wp","href":"https:\/\/api.w.org\/{rel}","templated":true}]}}