{"id":1305,"date":"2018-03-06T02:10:27","date_gmt":"2018-03-06T02:10:27","guid":{"rendered":"http:\/\/www.fornetti.md\/?page_id=1305"},"modified":"2022-08-25T07:26:20","modified_gmt":"2022-08-25T07:26:20","slug":"cu-visine","status":"publish","type":"page","link":"https:\/\/www.fornetti.md\/?page_id=1305","title":{"rendered":"Mini cu vi\u0219ine"},"content":{"rendered":"<p>[vc_row row_type=&#8221;row&#8221; stretch_row_type=&#8221;no&#8221; css=&#8221;.vc_custom_1456998111582{margin-top: 50px !important;margin-bottom: 50px !important;}&#8221;][vc_column][vc_column_text]<\/p>\n<h2 style=\"text-align: center;\">Mini cu vi\u0219ine<\/h2>\n<p style=\"text-align: center;\"><img loading=\"lazy\" decoding=\"async\" class=\"wp-image-2167 size-medium aligncenter\" src=\"http:\/\/www.fornetti.md\/wp-content\/uploads\/2021\/04\/vis-300x200.png\" alt=\"\" width=\"300\" height=\"200\" srcset=\"https:\/\/www.fornetti.md\/wp-content\/uploads\/2021\/04\/vis-300x200.png 300w, https:\/\/www.fornetti.md\/wp-content\/uploads\/2021\/04\/vis.png 410w\" sizes=\"(max-width: 300px) 100vw, 300px\" \/>Foietaj predospit, congelat rapid, cu umplutur\u0103 de vi\u015fine<\/p>\n\n\n<figure class=\"wp-block-table aligncenter\"><table><tbody><tr><td>Greutate produs:<\/td><td>28<\/td><\/tr><tr><td>Valoare nutritiv\u0103 medie \u00een 100g de produse<\/td><\/tr><tr><td>Valoare energetic\u0103 (kJ\/100g)<\/td><td>1456<\/td><\/tr><tr><td>Valoare energetic\u0103 (kcal\/100g)<\/td><td>348<\/td><\/tr><tr><td>Gr\u0103simi (g\/100g)<\/td><td>17.2<\/td><\/tr><tr><td>Carbohidra\u0163i (g\/100g)<\/td><td>41.1<\/td><\/tr><tr><td>Zah\u0103r (g\/100g)<\/td><td>8.3<\/td><\/tr><tr><td>Proteine (g\/100g)<\/td><td>6.8<\/td><\/tr><tr><td>Sare (NaCl) (g\/100g)<\/td><td>0.78<\/td><\/tr><tr><td>Alergeni<\/td><td>gluten, soia, lapte<\/td><\/tr><\/tbody><\/table><\/figure>\n\n\n\n<p class=\"has-text-align-center\"><\/p>\n","protected":false},"excerpt":{"rendered":"<p>[vc_row row_type=&#8221;row&#8221; stretch_row_type=&#8221;no&#8221; css=&#8221;.vc_custom_1456998111582{margin-top: 50px !important;margin-bottom: 50px !important;}&#8221;][vc_column][vc_column_text] Mini cu vi\u0219ine Foietaj predospit, congelat rapid, cu umplutur\u0103 de vi\u015fine Greutate produs: 28 Valoare nutritiv\u0103 medie \u00een 100g de produse Valoare energetic\u0103 (kJ\/100g) 1456 Valoare energetic\u0103 (kcal\/100g) 348 Gr\u0103simi (g\/100g) 17.2 Carbohidra\u0163i (g\/100g) 41.1 Zah\u0103r (g\/100g) 8.3 Proteine (g\/100g) 6.8 Sare (NaCl) (g\/100g) 0.78 Alergeni gluten, [&hellip;]<\/p>\n","protected":false},"author":2,"featured_media":0,"parent":1218,"menu_order":0,"comment_status":"closed","ping_status":"closed","template":"template-page-full-width-vc.php","meta":{"footnotes":""},"_links":{"self":[{"href":"https:\/\/www.fornetti.md\/index.php?rest_route=\/wp\/v2\/pages\/1305"}],"collection":[{"href":"https:\/\/www.fornetti.md\/index.php?rest_route=\/wp\/v2\/pages"}],"about":[{"href":"https:\/\/www.fornetti.md\/index.php?rest_route=\/wp\/v2\/types\/page"}],"author":[{"embeddable":true,"href":"https:\/\/www.fornetti.md\/index.php?rest_route=\/wp\/v2\/users\/2"}],"replies":[{"embeddable":true,"href":"https:\/\/www.fornetti.md\/index.php?rest_route=%2Fwp%2Fv2%2Fcomments&post=1305"}],"version-history":[{"count":12,"href":"https:\/\/www.fornetti.md\/index.php?rest_route=\/wp\/v2\/pages\/1305\/revisions"}],"predecessor-version":[{"id":3174,"href":"https:\/\/www.fornetti.md\/index.php?rest_route=\/wp\/v2\/pages\/1305\/revisions\/3174"}],"up":[{"embeddable":true,"href":"https:\/\/www.fornetti.md\/index.php?rest_route=\/wp\/v2\/pages\/1218"}],"wp:attachment":[{"href":"https:\/\/www.fornetti.md\/index.php?rest_route=%2Fwp%2Fv2%2Fmedia&parent=1305"}],"curies":[{"name":"wp","href":"https:\/\/api.w.org\/{rel}","templated":true}]}}