{"id":1339,"date":"2018-03-06T03:57:06","date_gmt":"2018-03-06T03:57:06","guid":{"rendered":"http:\/\/www.fornetti.md\/?page_id=1339"},"modified":"2023-05-24T08:46:06","modified_gmt":"2023-05-24T08:46:06","slug":"xxl-hot-dog-cu-ketchup-si-maioneza","status":"publish","type":"page","link":"https:\/\/www.fornetti.md\/?page_id=1339","title":{"rendered":"XXL crenvur\u0219ti \u00een aluat cu ketchup \u0219i maionez\u0103"},"content":{"rendered":"<p>[vc_column][vc_column_text]<\/p>\n<h2 style=\"text-align: center;\">XXL Hot dog cu ketchup \u015fi maionez\u0103<\/h2>\n<p><img loading=\"lazy\" decoding=\"async\" class=\"aligncenter wp-image-1337 size-medium\" src=\"http:\/\/www.fornetti.md\/wp-content\/uploads\/2018\/03\/xxl2-300x213-300x213.png\" alt=\"\" width=\"300\" height=\"213\" \/><\/p>\n<p style=\"text-align: center;\">Foietaj cu umplutur\u0103 de crenvur\u0219t, ketchup \u015fi maionez\u0103, predospit, congelat rapid (nu necesit\u0103 dospire)<\/p>\n<table class=\"data aligncenter\" style=\"height: 181px;\" width=\"349\">\n<tbody>\n<tr>\n<td class=\"value\"><span style=\"color: #000000;\">Greutatea<\/span><\/td>\n<td class=\"value\" style=\"text-align: left;\"><span style=\"color: #000000;\">150\u00a0<\/span><\/td>\n<\/tr>\n<tr>\n<td class=\"value\"><span style=\"color: #000000;\">Valoarea energetic\u0103 (kJ\/100g)<\/span><\/td>\n<td class=\"value\"><span style=\"color: #000000;\">1239.10<\/span><\/td>\n<\/tr>\n<tr>\n<td class=\"value\"><span style=\"color: #000000;\">Valoarea nutritiv\u0103 (kcal\/100g)<\/span><\/td>\n<td class=\"value\"><span style=\"color: #000000;\">295.90<\/span><\/td>\n<\/tr>\n<tr>\n<td class=\"value\"><span style=\"color: #000000;\">Proteine (g\/100g)<\/span><\/td>\n<td class=\"value\"><span style=\"color: #000000;\">8,11<\/span><\/td>\n<\/tr>\n<tr>\n<td class=\"value\"><span style=\"color: #000000;\">Carbohidra\u021bi (g\/100g)<\/span><\/td>\n<td class=\"value\"><span style=\"color: #000000;\">26,89<\/span><\/td>\n<\/tr>\n<tr>\n<td class=\"value\"><span style=\"color: #000000;\">Gr\u0103simi (g\/100g)<\/span><\/td>\n<td class=\"value\"><span style=\"color: #000000;\">19,5<\/span><\/td>\n<\/tr>\n<\/tbody>\n<\/table>\n\n\n<p><\/p>\n","protected":false},"excerpt":{"rendered":"<p>[vc_column][vc_column_text] XXL Hot dog cu ketchup \u015fi maionez\u0103 Foietaj cu umplutur\u0103 de crenvur\u0219t, ketchup \u015fi maionez\u0103, predospit, congelat rapid (nu necesit\u0103 dospire) Greutatea 150\u00a0 Valoarea energetic\u0103 (kJ\/100g) 1239.10 Valoarea nutritiv\u0103 (kcal\/100g) 295.90 Proteine (g\/100g) 8,11 Carbohidra\u021bi (g\/100g) 26,89 Gr\u0103simi (g\/100g) 19,5<\/p>\n","protected":false},"author":2,"featured_media":0,"parent":1250,"menu_order":0,"comment_status":"closed","ping_status":"closed","template":"template-page-full-width-vc.php","meta":{"footnotes":""},"_links":{"self":[{"href":"https:\/\/www.fornetti.md\/index.php?rest_route=\/wp\/v2\/pages\/1339"}],"collection":[{"href":"https:\/\/www.fornetti.md\/index.php?rest_route=\/wp\/v2\/pages"}],"about":[{"href":"https:\/\/www.fornetti.md\/index.php?rest_route=\/wp\/v2\/types\/page"}],"author":[{"embeddable":true,"href":"https:\/\/www.fornetti.md\/index.php?rest_route=\/wp\/v2\/users\/2"}],"replies":[{"embeddable":true,"href":"https:\/\/www.fornetti.md\/index.php?rest_route=%2Fwp%2Fv2%2Fcomments&post=1339"}],"version-history":[{"count":11,"href":"https:\/\/www.fornetti.md\/index.php?rest_route=\/wp\/v2\/pages\/1339\/revisions"}],"predecessor-version":[{"id":3365,"href":"https:\/\/www.fornetti.md\/index.php?rest_route=\/wp\/v2\/pages\/1339\/revisions\/3365"}],"up":[{"embeddable":true,"href":"https:\/\/www.fornetti.md\/index.php?rest_route=\/wp\/v2\/pages\/1250"}],"wp:attachment":[{"href":"https:\/\/www.fornetti.md\/index.php?rest_route=%2Fwp%2Fv2%2Fmedia&parent=1339"}],"curies":[{"name":"wp","href":"https:\/\/api.w.org\/{rel}","templated":true}]}}