{"id":1426,"date":"2018-04-30T07:19:46","date_gmt":"2018-04-30T07:19:46","guid":{"rendered":"http:\/\/www.fornetti.md\/?page_id=1426"},"modified":"2022-05-18T08:59:54","modified_gmt":"2022-05-18T08:59:54","slug":"mini-cu-ciuperci","status":"publish","type":"page","link":"https:\/\/www.fornetti.md\/?page_id=1426","title":{"rendered":"Mini cu ciuperci"},"content":{"rendered":"<h2 style=\"text-align: center;\">Mini cu ciuperci<\/h2>\n\n\n<div class=\"wp-block-image is-style-default\"><figure class=\"aligncenter size-large\"><img loading=\"lazy\" decoding=\"async\" width=\"410\" height=\"273\" src=\"http:\/\/www.fornetti.md\/wp-content\/uploads\/2021\/04\/ciup.png\" alt=\"\" class=\"wp-image-2135\" srcset=\"https:\/\/www.fornetti.md\/wp-content\/uploads\/2021\/04\/ciup.png 410w, https:\/\/www.fornetti.md\/wp-content\/uploads\/2021\/04\/ciup-300x200.png 300w\" sizes=\"(max-width: 410px) 100vw, 410px\" \/><\/figure><\/div>\n\n\n\n<p class=\"has-text-align-center\">Foietaj f\u0103r\u0103 drojdie, congelat rapid, cu umplutur\u0103 de ciuperci<\/p>\n\n\n\n<figure class=\"wp-block-table aligncenter\"><table><tbody><tr><td>Greutate produs:<\/td><td>30<\/td><\/tr><tr><td>Valoare nutritiv\u0103 medie \u00een 100g de produse<\/td><\/tr><tr><td>Valoare energetic\u0103 (kJ\/100g)<\/td><td>1535<\/td><\/tr><tr><td>Valoare energetic\u0103 (kcal\/100g)<\/td><td>367<\/td><\/tr><tr><td>Gr\u0103simi (g\/100g)<\/td><td>23.39<\/td><\/tr><tr><td>Carbohidra\u0163i (g\/100g)<\/td><td>26.41<\/td><\/tr><tr><td>Zah\u0103r (g\/100g)<\/td><td>1.97<\/td><\/tr><tr><td>Proteine (g\/100g)<\/td><td>10.16<\/td><\/tr><tr><td>Sare (NaCl) (g\/100g)<\/td><td>1.26<\/td><\/tr><tr><td>Alergeni<\/td><td>gluten, soia, mu\u015ftar, dioxid de sulf<\/td><\/tr><\/tbody><\/table><\/figure>\n\n\n\n<p><\/p>\n","protected":false},"excerpt":{"rendered":"<p>Mini cu ciuperci Foietaj f\u0103r\u0103 drojdie, congelat rapid, cu umplutur\u0103 de ciuperci Greutate produs: 30 Valoare nutritiv\u0103 medie \u00een 100g de produse Valoare energetic\u0103 (kJ\/100g) 1535 Valoare energetic\u0103 (kcal\/100g) 367 Gr\u0103simi (g\/100g) 23.39 Carbohidra\u0163i (g\/100g) 26.41 Zah\u0103r (g\/100g) 1.97 Proteine (g\/100g) 10.16 Sare (NaCl) (g\/100g) 1.26 Alergeni gluten, soia, mu\u015ftar, dioxid de sulf<\/p>\n","protected":false},"author":2,"featured_media":0,"parent":1218,"menu_order":0,"comment_status":"closed","ping_status":"closed","template":"template-page-full-width-vc.php","meta":{"footnotes":""},"_links":{"self":[{"href":"https:\/\/www.fornetti.md\/index.php?rest_route=\/wp\/v2\/pages\/1426"}],"collection":[{"href":"https:\/\/www.fornetti.md\/index.php?rest_route=\/wp\/v2\/pages"}],"about":[{"href":"https:\/\/www.fornetti.md\/index.php?rest_route=\/wp\/v2\/types\/page"}],"author":[{"embeddable":true,"href":"https:\/\/www.fornetti.md\/index.php?rest_route=\/wp\/v2\/users\/2"}],"replies":[{"embeddable":true,"href":"https:\/\/www.fornetti.md\/index.php?rest_route=%2Fwp%2Fv2%2Fcomments&post=1426"}],"version-history":[{"count":23,"href":"https:\/\/www.fornetti.md\/index.php?rest_route=\/wp\/v2\/pages\/1426\/revisions"}],"predecessor-version":[{"id":3015,"href":"https:\/\/www.fornetti.md\/index.php?rest_route=\/wp\/v2\/pages\/1426\/revisions\/3015"}],"up":[{"embeddable":true,"href":"https:\/\/www.fornetti.md\/index.php?rest_route=\/wp\/v2\/pages\/1218"}],"wp:attachment":[{"href":"https:\/\/www.fornetti.md\/index.php?rest_route=%2Fwp%2Fv2%2Fmedia&parent=1426"}],"curies":[{"name":"wp","href":"https:\/\/api.w.org\/{rel}","templated":true}]}}