{"id":1441,"date":"2018-04-30T08:47:29","date_gmt":"2018-04-30T08:47:29","guid":{"rendered":"http:\/\/www.fornetti.md\/?page_id=1441"},"modified":"2022-08-25T08:04:19","modified_gmt":"2022-08-25T08:04:19","slug":"mini-cu-carne-de-pui","status":"publish","type":"page","link":"https:\/\/www.fornetti.md\/?page_id=1441","title":{"rendered":"Mini cu carne de pui"},"content":{"rendered":"<p>[vc_column][vc_column_text]<\/p>\n<h2 style=\"text-align: center;\">Mini cu carne de pui<\/h2>\n<p style=\"text-align: center;\">\u00a0<\/p>\n\n\n<figure class=\"wp-block-image aligncenter size-full\"><img decoding=\"async\" src=\"http:\/\/www.fornetti.md\/wp-content\/uploads\/2022\/08\/I376.png\" alt=\"\" class=\"wp-image-3159\"\/><\/figure>\n\n\n\n<p class=\"has-text-align-center\">Foietaj predospit, congelat rapid, cu umplutur\u0103 din carne de pui<\/p>\n\n\n\n<figure class=\"wp-block-table aligncenter\"><table><tbody><tr><td>Greutatea<\/td><td>29<\/td><\/tr><tr><td>Valoare nutritiv\u0103 medie \u00een 100g de produse<\/td><\/tr><tr><td>Valoare energetic\u0103 (kJ\/100g)<\/td><td>1492<\/td><\/tr><tr><td>Valoare energetic\u0103 (kcal\/100g)<\/td><td>357<\/td><\/tr><tr><td>Gr\u0103simi (g\/100g)<\/td><td>20<\/td><\/tr><tr><td>Saturated fatty acids (g\/100g)<\/td><td>9<\/td><\/tr><tr><td>Carbohidra\u0163i (g\/100g)<\/td><td>33<\/td><\/tr><tr><td><\/td><td><\/td><\/tr><tr><td>Proteine (g\/100g)<\/td><td>2<\/td><\/tr><tr><td>Sare (NaCl) (g\/100g)<\/td><td>0.65<\/td><\/tr><tr><td>Alergeni<\/td><td>lapte, derivat din lapte<\/td><\/tr><\/tbody><\/table><\/figure>\n","protected":false},"excerpt":{"rendered":"<p>[vc_column][vc_column_text] Mini cu carne de pui \u00a0 Foietaj predospit, congelat rapid, cu umplutur\u0103 din carne de pui Greutatea 29 Valoare nutritiv\u0103 medie \u00een 100g de produse Valoare energetic\u0103 (kJ\/100g) 1492 Valoare energetic\u0103 (kcal\/100g) 357 Gr\u0103simi (g\/100g) 20 Saturated fatty acids (g\/100g) 9 Carbohidra\u0163i (g\/100g) 33 Proteine (g\/100g) 2 Sare (NaCl) (g\/100g) 0.65 Alergeni lapte, derivat [&hellip;]<\/p>\n","protected":false},"author":2,"featured_media":0,"parent":1218,"menu_order":0,"comment_status":"closed","ping_status":"closed","template":"template-page-full-width-vc.php","meta":{"footnotes":""},"_links":{"self":[{"href":"https:\/\/www.fornetti.md\/index.php?rest_route=\/wp\/v2\/pages\/1441"}],"collection":[{"href":"https:\/\/www.fornetti.md\/index.php?rest_route=\/wp\/v2\/pages"}],"about":[{"href":"https:\/\/www.fornetti.md\/index.php?rest_route=\/wp\/v2\/types\/page"}],"author":[{"embeddable":true,"href":"https:\/\/www.fornetti.md\/index.php?rest_route=\/wp\/v2\/users\/2"}],"replies":[{"embeddable":true,"href":"https:\/\/www.fornetti.md\/index.php?rest_route=%2Fwp%2Fv2%2Fcomments&post=1441"}],"version-history":[{"count":21,"href":"https:\/\/www.fornetti.md\/index.php?rest_route=\/wp\/v2\/pages\/1441\/revisions"}],"predecessor-version":[{"id":3180,"href":"https:\/\/www.fornetti.md\/index.php?rest_route=\/wp\/v2\/pages\/1441\/revisions\/3180"}],"up":[{"embeddable":true,"href":"https:\/\/www.fornetti.md\/index.php?rest_route=\/wp\/v2\/pages\/1218"}],"wp:attachment":[{"href":"https:\/\/www.fornetti.md\/index.php?rest_route=%2Fwp%2Fv2%2Fmedia&parent=1441"}],"curies":[{"name":"wp","href":"https:\/\/api.w.org\/{rel}","templated":true}]}}