{"id":1752,"date":"2018-12-26T10:52:41","date_gmt":"2018-12-26T10:52:41","guid":{"rendered":"http:\/\/www.fornetti.md\/?page_id=1752"},"modified":"2019-01-31T10:59:21","modified_gmt":"2019-01-31T10:59:21","slug":"primul-magazin-cu-design-nou-de-tip-shop-in-shop","status":"publish","type":"page","link":"https:\/\/www.fornetti.md\/?page_id=1752","title":{"rendered":"Primul magazin cu design nou de tip shop-in-shop"},"content":{"rendered":"<p>[vc_row row_type=&#8221;row&#8221; stretch_row_type=&#8221;no&#8221;][vc_column][vc_column_text]<\/p>\n<h2 style=\"text-align: center;\"><span style=\"color: #ff6600;\"><strong>Primul magazin cu design nou de tip shop-in-shop<\/strong><\/span><\/h2>\n<p><img loading=\"lazy\" decoding=\"async\" class=\"alignleft wp-image-1794 size-medium\" src=\"http:\/\/www.fornetti.md\/wp-content\/uploads\/2019\/01\/copil2_154374575543903400-300x225.jpg\" alt=\"\" width=\"300\" height=\"225\" srcset=\"https:\/\/www.fornetti.md\/wp-content\/uploads\/2019\/01\/copil2_154374575543903400-300x225.jpg 300w, https:\/\/www.fornetti.md\/wp-content\/uploads\/2019\/01\/copil2_154374575543903400.jpg 620w\" sizes=\"(max-width: 300px) 100vw, 300px\" \/>La 1 Decembrie 2018, cu ocazia Centenarului Marii Uniri, compania Fornetti a deschis primul s\u0103u magazin cu design nou de tip shop-in-shop \u00een incinta Centrului Comercial Baby Hall.<br \/>\nInaugurarea a fost \u00eencununat\u0103 de un show excep\u021bional pentru cei mici, tonul petrecerii fiind dat de animatori \u0219i eroi prefera\u021bi din filmele cu desene animate. Fornetti \u00eencear\u0103 \u00een acest fel s\u0103 promoveze \u0219i s\u0103 sus\u021bin\u0103 micii \u00eentreprinz\u0103tori din Republica Moldova, pentru c\u0103 anume ei reprezint\u0103 baza unei economii moderne \u0219i durabile. Fornetti activeaz\u0103 pe pia\u021ba Republicii Moldova din anul 2006. \u00cen Europa, brandul are o istorie mult mai veche \u0219i se bucur\u0103 de mult\u0103 apreciere din partea consumatorilor:<br \/>\n<strong><span style=\"color: #ff6600;\">https:\/\/www.realitatea.md\/foto-video-i-fornetti-sarbatore-te-marea-unire-compania-a-deschis-un-magazin-nou_87684.html<\/span><\/strong>[\/vc_column_text][\/vc_column][\/vc_row]<\/p>\n","protected":false},"excerpt":{"rendered":"<p>[vc_row row_type=&#8221;row&#8221; stretch_row_type=&#8221;no&#8221;][vc_column][vc_column_text] Primul magazin cu design nou de tip shop-in-shop La 1 Decembrie 2018, cu ocazia Centenarului Marii Uniri, compania Fornetti a deschis primul s\u0103u magazin cu design nou de tip shop-in-shop \u00een incinta Centrului Comercial Baby Hall. Inaugurarea a fost \u00eencununat\u0103 de un show excep\u021bional pentru cei mici, tonul petrecerii fiind dat de [&hellip;]<\/p>\n","protected":false},"author":2,"featured_media":0,"parent":1577,"menu_order":0,"comment_status":"closed","ping_status":"closed","template":"template-page-full-width.php","meta":{"footnotes":""},"_links":{"self":[{"href":"https:\/\/www.fornetti.md\/index.php?rest_route=\/wp\/v2\/pages\/1752"}],"collection":[{"href":"https:\/\/www.fornetti.md\/index.php?rest_route=\/wp\/v2\/pages"}],"about":[{"href":"https:\/\/www.fornetti.md\/index.php?rest_route=\/wp\/v2\/types\/page"}],"author":[{"embeddable":true,"href":"https:\/\/www.fornetti.md\/index.php?rest_route=\/wp\/v2\/users\/2"}],"replies":[{"embeddable":true,"href":"https:\/\/www.fornetti.md\/index.php?rest_route=%2Fwp%2Fv2%2Fcomments&post=1752"}],"version-history":[{"count":8,"href":"https:\/\/www.fornetti.md\/index.php?rest_route=\/wp\/v2\/pages\/1752\/revisions"}],"predecessor-version":[{"id":1796,"href":"https:\/\/www.fornetti.md\/index.php?rest_route=\/wp\/v2\/pages\/1752\/revisions\/1796"}],"up":[{"embeddable":true,"href":"https:\/\/www.fornetti.md\/index.php?rest_route=\/wp\/v2\/pages\/1577"}],"wp:attachment":[{"href":"https:\/\/www.fornetti.md\/index.php?rest_route=%2Fwp%2Fv2%2Fmedia&parent=1752"}],"curies":[{"name":"wp","href":"https:\/\/api.w.org\/{rel}","templated":true}]}}