{"id":1755,"date":"2018-12-26T11:26:51","date_gmt":"2018-12-26T11:26:51","guid":{"rendered":"http:\/\/www.fornetti.md\/?page_id=1755"},"modified":"2019-01-31T10:28:06","modified_gmt":"2019-01-31T10:28:06","slug":"dragon-world-championship-2019","status":"publish","type":"page","link":"https:\/\/www.fornetti.md\/?page_id=1755","title":{"rendered":"Dragon World Championship 2019"},"content":{"rendered":"<p>[vc_row row_type=&#8221;row&#8221; stretch_row_type=&#8221;no&#8221;][vc_column][vc_column_text]<\/p>\n<h2 style=\"text-align: center;\"><strong><span style=\"color: #ff6600;\">Dragon World Championship 2019<\/span><\/strong><\/h2>\n<p><img loading=\"lazy\" decoding=\"async\" class=\"alignleft size-medium wp-image-1735\" src=\"http:\/\/www.fornetti.md\/wp-content\/uploads\/2018\/12\/image1-300x225.jpg\" alt=\"\" width=\"300\" height=\"225\" srcset=\"https:\/\/www.fornetti.md\/wp-content\/uploads\/2018\/12\/image1-300x225.jpg 300w, https:\/\/www.fornetti.md\/wp-content\/uploads\/2018\/12\/image1-768x576.jpg 768w, https:\/\/www.fornetti.md\/wp-content\/uploads\/2018\/12\/image1-1024x768.jpg 1024w, https:\/\/www.fornetti.md\/wp-content\/uploads\/2018\/12\/image1-700x525.jpg 700w, https:\/\/www.fornetti.md\/wp-content\/uploads\/2018\/12\/image1.jpg 1280w\" sizes=\"(max-width: 300px) 100vw, 300px\" \/>Compania &#8222;Sara Distribution Srl&#8221;, care este reprezentantul \u0219i distribuitorul oficial al m\u0103rcii comerciale &#8222;Fornetti&#8221; \u00een Republica Moldova sus\u021bine echipa clubului sportiv \u201dVulturi\u201d din or. Drochia, \u00een vederea preg\u0103tirii acestora la Campionatul Mondial de Dragon World Championship 2019. \u00cen acest sens compania \u00eempreun\u0103 cu angaja\u021bii s\u0103i au donat o parte din resursele financiare proprii pentru a-i sus\u021bine pe sportivii clubului, \u0219i pentru a demonstra \u00een acest sens c\u0103 sportul este cea mai bun\u0103 metod\u0103 de promovare a imaginii Repiblicii Moldova pe plan interna\u021bional. Acest ajutor financiar va fi utilizat de c\u0103tre sportivii clubului \u201dVulturi\u201d \u00een vederea procur\u0103rii echipamentului \u0219i materialelor necesare pentru pregatirea de Competi\u021bia Mondial\u0103 care va avea loc in anul 2019. Pe parcursul anilor trecu\u021bi, sportivii clubului au ob\u021binut locuri de frunte la diverse compe\u021bii. \u00cen cadrul Campionatului European de Dragonboat care s-a desf\u0103\u0219urat \u00een or. Brandenburg, Germania, echipa de b\u0103ie\u021bi ai CS Vulturi au ob\u021binut locul \u00eent\u00e2i, surclas\u00eend echipele din Marea Britanie, Italia, Ucraina&#8230;.<br \/>\nSper\u0103m \u00een reu\u0219itele \u0219i succesul acestui club sportiv \u0219i le ur\u0103m mult succes. To\u021bi doritorii, care au posibilitatea s\u0103 contribuie cu orice sum\u0103 oric\u00e2t de mic\u0103, pot lua legatura cu dl. Eduard, tel. 0037379422085.<\/p>\n<p><img loading=\"lazy\" decoding=\"async\" class=\"alignleft size-medium wp-image-1737\" src=\"http:\/\/www.fornetti.md\/wp-content\/uploads\/2018\/12\/image2-300x225.jpg\" alt=\"\" width=\"300\" height=\"225\" srcset=\"https:\/\/www.fornetti.md\/wp-content\/uploads\/2018\/12\/image2-300x225.jpg 300w, https:\/\/www.fornetti.md\/wp-content\/uploads\/2018\/12\/image2-768x576.jpg 768w, https:\/\/www.fornetti.md\/wp-content\/uploads\/2018\/12\/image2-1024x768.jpg 1024w, https:\/\/www.fornetti.md\/wp-content\/uploads\/2018\/12\/image2-700x525.jpg 700w, https:\/\/www.fornetti.md\/wp-content\/uploads\/2018\/12\/image2.jpg 1280w\" sizes=\"(max-width: 300px) 100vw, 300px\" \/><img loading=\"lazy\" decoding=\"async\" class=\"alignleft size-medium wp-image-1738\" src=\"http:\/\/www.fornetti.md\/wp-content\/uploads\/2018\/12\/image3-300x225.jpg\" alt=\"\" width=\"300\" height=\"225\" srcset=\"https:\/\/www.fornetti.md\/wp-content\/uploads\/2018\/12\/image3-300x225.jpg 300w, https:\/\/www.fornetti.md\/wp-content\/uploads\/2018\/12\/image3-768x576.jpg 768w, https:\/\/www.fornetti.md\/wp-content\/uploads\/2018\/12\/image3-1024x768.jpg 1024w, https:\/\/www.fornetti.md\/wp-content\/uploads\/2018\/12\/image3-700x525.jpg 700w, https:\/\/www.fornetti.md\/wp-content\/uploads\/2018\/12\/image3.jpg 1280w\" sizes=\"(max-width: 300px) 100vw, 300px\" \/><\/p>\n<p>&nbsp;<\/p>\n<p>&nbsp;<\/p>\n<p><a href=\"https:\/\/www.facebook.com\/409751109159308\/photos\/a.1383374335130309\/1440000942800981\/?type=3&amp;theater\"><span style=\"color: #ff6600;\"><strong>https:\/\/www.facebook.com\/409751109159308\/photos\/a.1383374335130309\/1440000942800981\/?type=3&amp;theater<\/strong><\/span><\/a>[\/vc_column_text][\/vc_column][\/vc_row]<\/p>\n","protected":false},"excerpt":{"rendered":"<p>[vc_row row_type=&#8221;row&#8221; stretch_row_type=&#8221;no&#8221;][vc_column][vc_column_text] Dragon World Championship 2019 Compania &#8222;Sara Distribution Srl&#8221;, care este reprezentantul \u0219i distribuitorul oficial al m\u0103rcii comerciale &#8222;Fornetti&#8221; \u00een Republica Moldova sus\u021bine echipa clubului sportiv \u201dVulturi\u201d din or. Drochia, \u00een vederea preg\u0103tirii acestora la Campionatul Mondial de Dragon World Championship 2019. \u00cen acest sens compania \u00eempreun\u0103 cu angaja\u021bii s\u0103i au donat o [&hellip;]<\/p>\n","protected":false},"author":2,"featured_media":0,"parent":1577,"menu_order":0,"comment_status":"closed","ping_status":"closed","template":"template-page-full-width.php","meta":{"footnotes":""},"_links":{"self":[{"href":"https:\/\/www.fornetti.md\/index.php?rest_route=\/wp\/v2\/pages\/1755"}],"collection":[{"href":"https:\/\/www.fornetti.md\/index.php?rest_route=\/wp\/v2\/pages"}],"about":[{"href":"https:\/\/www.fornetti.md\/index.php?rest_route=\/wp\/v2\/types\/page"}],"author":[{"embeddable":true,"href":"https:\/\/www.fornetti.md\/index.php?rest_route=\/wp\/v2\/users\/2"}],"replies":[{"embeddable":true,"href":"https:\/\/www.fornetti.md\/index.php?rest_route=%2Fwp%2Fv2%2Fcomments&post=1755"}],"version-history":[{"count":17,"href":"https:\/\/www.fornetti.md\/index.php?rest_route=\/wp\/v2\/pages\/1755\/revisions"}],"predecessor-version":[{"id":1773,"href":"https:\/\/www.fornetti.md\/index.php?rest_route=\/wp\/v2\/pages\/1755\/revisions\/1773"}],"up":[{"embeddable":true,"href":"https:\/\/www.fornetti.md\/index.php?rest_route=\/wp\/v2\/pages\/1577"}],"wp:attachment":[{"href":"https:\/\/www.fornetti.md\/index.php?rest_route=%2Fwp%2Fv2%2Fmedia&parent=1755"}],"curies":[{"name":"wp","href":"https:\/\/api.w.org\/{rel}","templated":true}]}}