{"id":1981,"date":"2021-04-16T14:15:08","date_gmt":"2021-04-16T14:15:08","guid":{"rendered":"http:\/\/www.fornetti.md\/?page_id=1981"},"modified":"2022-08-23T08:34:22","modified_gmt":"2022-08-23T08:34:22","slug":"xxl-strudel-cu-carne-de-pui","status":"publish","type":"page","link":"https:\/\/www.fornetti.md\/?page_id=1981","title":{"rendered":"XXL \u0218trudel cu carne de pui"},"content":{"rendered":"\n<p>[vc_column][vc_column_text]<\/p>\n\n\n\n<p class=\"has-text-align-center\" style=\"font-size:clamp(14.642px, 0.915rem + ((1vw - 3.2px) * 0.766), 22px);px\"><strong>XXL \u0218TRUDEL CU CARNE DE PUI<\/strong><\/p>\n\n\n\n<figure class=\"wp-block-image aligncenter size-large\"><a href=\"http:\/\/www.fornetti.md\/la-bucata\/XxL-Strudel-cu-carne-de-pui%20\/\"><img loading=\"lazy\" decoding=\"async\" width=\"410\" height=\"273\" src=\"http:\/\/www.fornetti.md\/wp-content\/uploads\/2021\/04\/strudel.png\" alt=\"\" class=\"wp-image-1982\" srcset=\"https:\/\/www.fornetti.md\/wp-content\/uploads\/2021\/04\/strudel.png 410w, https:\/\/www.fornetti.md\/wp-content\/uploads\/2021\/04\/strudel-300x200.png 300w\" sizes=\"(max-width: 410px) 100vw, 410px\" \/><\/a><\/figure>\n\n\n\n<p class=\"has-text-align-center\">Foietaj f\u0103r\u0103 drojdie, congelat rapid, cu umplutur\u0103 de carne de pui \u015fi carne de curcan<\/p>\n\n\n\n<figure class=\"wp-block-table aligncenter\"><table><tbody><tr><td>Greutate produs:<\/td><td>130<\/td><\/tr><tr><td>Valoare nutritiv\u0103 medie \u00een 100g de produse<\/td><\/tr><tr><td>Valoare energetic\u0103 (kJ\/100g)<\/td><td>1637<\/td><\/tr><tr><td>Valoare energetic\u0103 (kcal\/100g)<\/td><td>387<\/td><\/tr><tr><td>Gr\u0103simi (g\/100g)<\/td><td>25<\/td><\/tr><tr><td>Saturated fatty acids (g\/100g)<\/td><td>11<\/td><\/tr><tr><td>Carbohidra\u0163i (g\/100g)<\/td><td>30<\/td><\/tr><tr><td>Zah\u0103r (g\/100g)<\/td><td>2.7<\/td><\/tr><tr><td>Proteine (g\/100g)<\/td><td>10<\/td><\/tr><tr><td>Sare (NaCl) (g\/100g)<\/td><td>1.6<\/td><\/tr><tr><td>Alergeni<\/td><td>gluten, soia, lapte, ou, dioxid de su<\/td><\/tr><\/tbody><\/table><\/figure>\n","protected":false},"excerpt":{"rendered":"<p>[vc_column][vc_column_text] XXL \u0218TRUDEL CU CARNE DE PUI Foietaj f\u0103r\u0103 drojdie, congelat rapid, cu umplutur\u0103 de carne de pui \u015fi carne de curcan Greutate produs: 130 Valoare nutritiv\u0103 medie \u00een 100g de produse Valoare energetic\u0103 (kJ\/100g) 1637 Valoare energetic\u0103 (kcal\/100g) 387 Gr\u0103simi (g\/100g) 25 Saturated fatty acids (g\/100g) 11 Carbohidra\u0163i (g\/100g) 30 Zah\u0103r (g\/100g) 2.7 Proteine [&hellip;]<\/p>\n","protected":false},"author":2,"featured_media":0,"parent":1250,"menu_order":0,"comment_status":"closed","ping_status":"closed","template":"template-page-full-width-vc.php","meta":{"footnotes":""},"_links":{"self":[{"href":"https:\/\/www.fornetti.md\/index.php?rest_route=\/wp\/v2\/pages\/1981"}],"collection":[{"href":"https:\/\/www.fornetti.md\/index.php?rest_route=\/wp\/v2\/pages"}],"about":[{"href":"https:\/\/www.fornetti.md\/index.php?rest_route=\/wp\/v2\/types\/page"}],"author":[{"embeddable":true,"href":"https:\/\/www.fornetti.md\/index.php?rest_route=\/wp\/v2\/users\/2"}],"replies":[{"embeddable":true,"href":"https:\/\/www.fornetti.md\/index.php?rest_route=%2Fwp%2Fv2%2Fcomments&post=1981"}],"version-history":[{"count":7,"href":"https:\/\/www.fornetti.md\/index.php?rest_route=\/wp\/v2\/pages\/1981\/revisions"}],"predecessor-version":[{"id":3136,"href":"https:\/\/www.fornetti.md\/index.php?rest_route=\/wp\/v2\/pages\/1981\/revisions\/3136"}],"up":[{"embeddable":true,"href":"https:\/\/www.fornetti.md\/index.php?rest_route=\/wp\/v2\/pages\/1250"}],"wp:attachment":[{"href":"https:\/\/www.fornetti.md\/index.php?rest_route=%2Fwp%2Fv2%2Fmedia&parent=1981"}],"curies":[{"name":"wp","href":"https:\/\/api.w.org\/{rel}","templated":true}]}}