{"id":2063,"date":"2021-04-20T05:17:53","date_gmt":"2021-04-20T05:17:53","guid":{"rendered":"http:\/\/www.fornetti.md\/?page_id=2063"},"modified":"2022-11-09T07:37:47","modified_gmt":"2022-11-09T07:37:47","slug":"pizza-cu-sunca-si-ciuperci","status":"publish","type":"page","link":"https:\/\/www.fornetti.md\/?page_id=2063","title":{"rendered":"Pizza cu \u015func\u0103 \u015fi ciuperci"},"content":{"rendered":"\n<p>[vc_column][vc_column_text]<\/p>\n\n\n\n<p class=\"has-text-align-center\" style=\"font-size:clamp(14.642px, 0.915rem + ((1vw - 3.2px) * 0.766), 22px);px\"><strong>PIZZA CU \u0218UNC\u0102 \u0218I CIUPERCI<\/strong><\/p>\n\n\n\n<figure class=\"wp-block-image aligncenter size-full is-style-default\"><img decoding=\"async\" src=\"http:\/\/www.fornetti.md\/wp-content\/uploads\/2022\/11\/so_go_pizza_400x400_c.jpg\" alt=\"\" class=\"wp-image-3224\"\/><\/figure>\n\n\n\n<p class=\"has-text-align-center\">Produs precopt, congelat rapid, cu \u015func\u0103 \u015fi ciuperci<\/p>\n\n\n\n<figure class=\"wp-block-table aligncenter\"><table><tbody><tr><td>Greutatea<\/td><td>150<\/td><\/tr><tr><td>Valoare nutritiv\u0103 medie \u00een 100g de produse<\/td><\/tr><tr><td>Valoare energetic\u0103 (kJ\/100g)<\/td><td>1201<\/td><\/tr><tr><td>Valoare energetic\u0103 (kcal\/100g)<\/td><td>287<\/td><\/tr><tr><td>Gr\u0103simi (g\/100g)<\/td><td>8<\/td><\/tr><tr><td>Saturated fatty acids (g\/100g)<\/td><td>3<\/td><\/tr><tr><td>Carbohidra\u0163i (g\/100g)<\/td><td>41<\/td><\/tr><tr><td>Zah\u0103r (g\/100g)<\/td><td>4<\/td><\/tr><tr><td>Proteine (g\/100g)<\/td><td>11.1<\/td><\/tr><tr><td>Sare (NaCl) (g\/100g)<\/td><td>4<\/td><\/tr><tr><td>Alergeni<\/td><td>gluten, soia, lapte<\/td><\/tr><\/tbody><\/table><\/figure>\n","protected":false},"excerpt":{"rendered":"<p>[vc_column][vc_column_text] PIZZA CU \u0218UNC\u0102 \u0218I CIUPERCI Produs precopt, congelat rapid, cu \u015func\u0103 \u015fi ciuperci Greutatea 150 Valoare nutritiv\u0103 medie \u00een 100g de produse Valoare energetic\u0103 (kJ\/100g) 1201 Valoare energetic\u0103 (kcal\/100g) 287 Gr\u0103simi (g\/100g) 8 Saturated fatty acids (g\/100g) 3 Carbohidra\u0163i (g\/100g) 41 Zah\u0103r (g\/100g) 4 Proteine (g\/100g) 11.1 Sare (NaCl) (g\/100g) 4 Alergeni gluten, soia, [&hellip;]<\/p>\n","protected":false},"author":2,"featured_media":0,"parent":1250,"menu_order":0,"comment_status":"closed","ping_status":"closed","template":"template-page-full-width-vc.php","meta":{"footnotes":""},"_links":{"self":[{"href":"https:\/\/www.fornetti.md\/index.php?rest_route=\/wp\/v2\/pages\/2063"}],"collection":[{"href":"https:\/\/www.fornetti.md\/index.php?rest_route=\/wp\/v2\/pages"}],"about":[{"href":"https:\/\/www.fornetti.md\/index.php?rest_route=\/wp\/v2\/types\/page"}],"author":[{"embeddable":true,"href":"https:\/\/www.fornetti.md\/index.php?rest_route=\/wp\/v2\/users\/2"}],"replies":[{"embeddable":true,"href":"https:\/\/www.fornetti.md\/index.php?rest_route=%2Fwp%2Fv2%2Fcomments&post=2063"}],"version-history":[{"count":6,"href":"https:\/\/www.fornetti.md\/index.php?rest_route=\/wp\/v2\/pages\/2063\/revisions"}],"predecessor-version":[{"id":3226,"href":"https:\/\/www.fornetti.md\/index.php?rest_route=\/wp\/v2\/pages\/2063\/revisions\/3226"}],"up":[{"embeddable":true,"href":"https:\/\/www.fornetti.md\/index.php?rest_route=\/wp\/v2\/pages\/1250"}],"wp:attachment":[{"href":"https:\/\/www.fornetti.md\/index.php?rest_route=%2Fwp%2Fv2%2Fmedia&parent=2063"}],"curies":[{"name":"wp","href":"https:\/\/api.w.org\/{rel}","templated":true}]}}