{"id":2071,"date":"2021-04-20T05:44:45","date_gmt":"2021-04-20T05:44:45","guid":{"rendered":"http:\/\/www.fornetti.md\/?page_id=2071"},"modified":"2022-08-26T07:21:37","modified_gmt":"2022-08-26T07:21:37","slug":"donut-de-vis-cu-alune","status":"publish","type":"page","link":"https:\/\/www.fornetti.md\/?page_id=2071","title":{"rendered":"Donut cu ciocolat\u0103"},"content":{"rendered":"\n<p>[vc_column][vc_column_text]<\/p>\n\n\n\n<p class=\"has-text-align-center has-black-color has-text-color\" style=\"font-size:clamp(14.642px, 0.915rem + ((1vw - 3.2px) * 0.766), 22px);px\"><strong>DONUT CU CIOCOLAT\u0102<\/strong><\/p>\n\n\n\n<figure class=\"wp-block-image aligncenter size-large is-style-default\"><img decoding=\"async\" src=\"http:\/\/www.fornetti.md\/wp-content\/uploads\/2021\/12\/mogyoros_fank_400x400_c.jpg\" alt=\"\" class=\"wp-image-2761\"\/><\/figure>\n\n\n\n<p class=\"has-text-align-center\">Produs copt, congelat, cu umplutur\u0103 de cacao cu \u00eenveli\u0219 de ciocolat\u0103.<\/p>\n\n\n\n<figure class=\"wp-block-table aligncenter\"><table><tbody><tr><td>Greutatea<\/td><td>68<\/td><\/tr><tr><td>Valoare nutritiv\u0103 medie \u00een 100g de produse<\/td><\/tr><tr><td>Valoare energetic\u0103 (kJ\/100g)<\/td><td>1745<\/td><\/tr><tr><td>Valoare energetic\u0103 (kcal\/100g)<\/td><td>417<\/td><\/tr><tr><td>Gr\u0103simi (g\/100g)<\/td><td>21<\/td><\/tr><tr><td>Saturated fatty acids (g\/100g)<\/td><td>8<\/td><\/tr><tr><td>Carbohidra\u0163i (g\/100g)<\/td><td>48<\/td><\/tr><tr><td>Zah\u0103r (g\/100g)<\/td><td>24<\/td><\/tr><tr><td>Proteine (g\/100g)<\/td><td>7<\/td><\/tr><tr><td>Sare (NaCl) (g\/100g)<\/td><td>1<\/td><\/tr><tr><td>Alergeni<\/td><td>gluten, lapte, <br>fructe cu coaj\u0103 lemnoas\u0103<\/td><\/tr><\/tbody><\/table><\/figure>\n","protected":false},"excerpt":{"rendered":"<p>[vc_column][vc_column_text] DONUT CU CIOCOLAT\u0102 Produs copt, congelat, cu umplutur\u0103 de cacao cu \u00eenveli\u0219 de ciocolat\u0103. Greutatea 68 Valoare nutritiv\u0103 medie \u00een 100g de produse Valoare energetic\u0103 (kJ\/100g) 1745 Valoare energetic\u0103 (kcal\/100g) 417 Gr\u0103simi (g\/100g) 21 Saturated fatty acids (g\/100g) 8 Carbohidra\u0163i (g\/100g) 48 Zah\u0103r (g\/100g) 24 Proteine (g\/100g) 7 Sare (NaCl) (g\/100g) 1 Alergeni gluten, [&hellip;]<\/p>\n","protected":false},"author":2,"featured_media":0,"parent":1250,"menu_order":0,"comment_status":"closed","ping_status":"closed","template":"template-page-full-width-vc.php","meta":{"footnotes":""},"_links":{"self":[{"href":"https:\/\/www.fornetti.md\/index.php?rest_route=\/wp\/v2\/pages\/2071"}],"collection":[{"href":"https:\/\/www.fornetti.md\/index.php?rest_route=\/wp\/v2\/pages"}],"about":[{"href":"https:\/\/www.fornetti.md\/index.php?rest_route=\/wp\/v2\/types\/page"}],"author":[{"embeddable":true,"href":"https:\/\/www.fornetti.md\/index.php?rest_route=\/wp\/v2\/users\/2"}],"replies":[{"embeddable":true,"href":"https:\/\/www.fornetti.md\/index.php?rest_route=%2Fwp%2Fv2%2Fcomments&post=2071"}],"version-history":[{"count":16,"href":"https:\/\/www.fornetti.md\/index.php?rest_route=\/wp\/v2\/pages\/2071\/revisions"}],"predecessor-version":[{"id":3213,"href":"https:\/\/www.fornetti.md\/index.php?rest_route=\/wp\/v2\/pages\/2071\/revisions\/3213"}],"up":[{"embeddable":true,"href":"https:\/\/www.fornetti.md\/index.php?rest_route=\/wp\/v2\/pages\/1250"}],"wp:attachment":[{"href":"https:\/\/www.fornetti.md\/index.php?rest_route=%2Fwp%2Fv2%2Fmedia&parent=2071"}],"curies":[{"name":"wp","href":"https:\/\/api.w.org\/{rel}","templated":true}]}}