{"id":2179,"date":"2021-04-23T06:06:30","date_gmt":"2021-04-23T06:06:30","guid":{"rendered":"http:\/\/www.fornetti.md\/?page_id=2179"},"modified":"2022-08-26T07:08:35","modified_gmt":"2022-08-26T07:08:35","slug":"cu-visine-si-ciocolata","status":"publish","type":"page","link":"https:\/\/www.fornetti.md\/?page_id=2179","title":{"rendered":"Mini cu vi\u015fine \u015fi ciocolat\u0103"},"content":{"rendered":"\n<h2 class=\"has-text-align-center wp-block-heading\">Mini cu vi\u0219ine \u0219i ciocolat\u0103<\/h2>\n\n\n\n<figure class=\"wp-block-image aligncenter size-large is-style-default\"><img loading=\"lazy\" decoding=\"async\" width=\"410\" height=\"273\" src=\"http:\/\/www.fornetti.md\/wp-content\/uploads\/2021\/04\/viscap.png\" alt=\"\" class=\"wp-image-2180\" srcset=\"https:\/\/www.fornetti.md\/wp-content\/uploads\/2021\/04\/viscap.png 410w, https:\/\/www.fornetti.md\/wp-content\/uploads\/2021\/04\/viscap-300x200.png 300w\" sizes=\"(max-width: 410px) 100vw, 410px\" \/><\/figure>\n\n\n\n<p class=\"has-text-align-center\">Foietaj predospit, congelat rapid, cu umplutur\u0103 cu vi\u0219ine \u0219i ciocolat\u0103<\/p>\n\n\n\n<figure class=\"wp-block-table aligncenter\"><table><tbody><tr><td class=\"has-text-align-left\" data-align=\"left\">Greutate produs:<\/td><td class=\"has-text-align-left\" data-align=\"left\">29<\/td><\/tr><tr><td class=\"has-text-align-left\" data-align=\"left\">Valoare nutritiv\u0103 medie \u00een 100g de produse<\/td><\/tr><tr><td class=\"has-text-align-left\" data-align=\"left\">Valoare energetic\u0103 (kJ\/100g)<\/td><td class=\"has-text-align-left\" data-align=\"left\">1727<\/td><\/tr><tr><td class=\"has-text-align-left\" data-align=\"left\">Valoare energetic\u0103 (kcal\/100g)<\/td><td class=\"has-text-align-left\" data-align=\"left\">413<\/td><\/tr><tr><td class=\"has-text-align-left\" data-align=\"left\">Gr\u0103simi (g\/100g)<\/td><td class=\"has-text-align-left\" data-align=\"left\">21.7<\/td><\/tr><tr><td class=\"has-text-align-left\" data-align=\"left\">Saturated fatty acids (g\/100g)<\/td><td class=\"has-text-align-left\" data-align=\"left\">9.9<\/td><\/tr><tr><td class=\"has-text-align-left\" data-align=\"left\">Carbohidra\u0163i (g\/100g)<\/td><td class=\"has-text-align-left\" data-align=\"left\">46.6<\/td><\/tr><tr><td class=\"has-text-align-left\" data-align=\"left\">Zah\u0103r (g\/100g)<\/td><td class=\"has-text-align-left\" data-align=\"left\">14.8<\/td><\/tr><tr><td class=\"has-text-align-left\" data-align=\"left\">Proteine (g\/100g)<\/td><td class=\"has-text-align-left\" data-align=\"left\">7.2<\/td><\/tr><tr><td class=\"has-text-align-left\" data-align=\"left\">Sare (NaCl) (g\/100g)<\/td><td class=\"has-text-align-left\" data-align=\"left\">0.73<\/td><\/tr><tr><td class=\"has-text-align-left\" data-align=\"left\">Alergeni<\/td><td class=\"has-text-align-left\" data-align=\"left\">gluten, lapte, soia<\/td><\/tr><\/tbody><\/table><\/figure>\n\n\n\n<p><\/p>\n","protected":false},"excerpt":{"rendered":"<p>Mini cu vi\u0219ine \u0219i ciocolat\u0103 Foietaj predospit, congelat rapid, cu umplutur\u0103 cu vi\u0219ine \u0219i ciocolat\u0103 Greutate produs: 29 Valoare nutritiv\u0103 medie \u00een 100g de produse Valoare energetic\u0103 (kJ\/100g) 1727 Valoare energetic\u0103 (kcal\/100g) 413 Gr\u0103simi (g\/100g) 21.7 Saturated fatty acids (g\/100g) 9.9 Carbohidra\u0163i (g\/100g) 46.6 Zah\u0103r (g\/100g) 14.8 Proteine (g\/100g) 7.2 Sare (NaCl) (g\/100g) 0.73 Alergeni [&hellip;]<\/p>\n","protected":false},"author":2,"featured_media":0,"parent":1218,"menu_order":0,"comment_status":"closed","ping_status":"closed","template":"template-page-full-width-vc.php","meta":{"footnotes":""},"_links":{"self":[{"href":"https:\/\/www.fornetti.md\/index.php?rest_route=\/wp\/v2\/pages\/2179"}],"collection":[{"href":"https:\/\/www.fornetti.md\/index.php?rest_route=\/wp\/v2\/pages"}],"about":[{"href":"https:\/\/www.fornetti.md\/index.php?rest_route=\/wp\/v2\/types\/page"}],"author":[{"embeddable":true,"href":"https:\/\/www.fornetti.md\/index.php?rest_route=\/wp\/v2\/users\/2"}],"replies":[{"embeddable":true,"href":"https:\/\/www.fornetti.md\/index.php?rest_route=%2Fwp%2Fv2%2Fcomments&post=2179"}],"version-history":[{"count":4,"href":"https:\/\/www.fornetti.md\/index.php?rest_route=\/wp\/v2\/pages\/2179\/revisions"}],"predecessor-version":[{"id":3208,"href":"https:\/\/www.fornetti.md\/index.php?rest_route=\/wp\/v2\/pages\/2179\/revisions\/3208"}],"up":[{"embeddable":true,"href":"https:\/\/www.fornetti.md\/index.php?rest_route=\/wp\/v2\/pages\/1218"}],"wp:attachment":[{"href":"https:\/\/www.fornetti.md\/index.php?rest_route=%2Fwp%2Fv2%2Fmedia&parent=2179"}],"curies":[{"name":"wp","href":"https:\/\/api.w.org\/{rel}","templated":true}]}}