{"id":2218,"date":"2021-04-23T09:24:44","date_gmt":"2021-04-23T09:24:44","guid":{"rendered":"http:\/\/www.fornetti.md\/?page_id=2218"},"modified":"2022-05-18T09:01:55","modified_gmt":"2022-05-18T09:01:55","slug":"mini-cu-iaurt-si-capsuni","status":"publish","type":"page","link":"https:\/\/www.fornetti.md\/?page_id=2218","title":{"rendered":"Mini cu iaurt \u015fi c\u0103p\u015funi"},"content":{"rendered":"\n<h2 class=\"has-text-align-center wp-block-heading\">MINI CU IAURT \u0218I C\u0102P\u0218UNI<\/h2>\n\n\n\n<div class=\"wp-block-image is-style-default\"><figure class=\"aligncenter size-large\"><img loading=\"lazy\" decoding=\"async\" width=\"410\" height=\"273\" src=\"http:\/\/www.fornetti.md\/wp-content\/uploads\/2021\/04\/caps.png\" alt=\"\" class=\"wp-image-2219\" srcset=\"https:\/\/www.fornetti.md\/wp-content\/uploads\/2021\/04\/caps.png 410w, https:\/\/www.fornetti.md\/wp-content\/uploads\/2021\/04\/caps-300x200.png 300w\" sizes=\"(max-width: 410px) 100vw, 410px\" \/><\/figure><\/div>\n\n\n\n<p class=\"has-text-align-center\">Foietaj predospit, congelat rapid, cu umplutur\u0103 de iaurt \u015fi c\u0103p\u015funi<\/p>\n\n\n\n<figure class=\"wp-block-table aligncenter\"><table><tbody><tr><td>Greutate produs:<\/td><td>29<\/td><\/tr><tr><td>Valoare nutritiv\u0103 medie \u00een 100g de produse<\/td><\/tr><tr><td>Valoare energetic\u0103 (kJ\/100g)<\/td><td>1511<\/td><\/tr><tr><td>Valoare energetic\u0103 (kcal\/100g)<\/td><td>361<\/td><\/tr><tr><td>Gr\u0103simi (g\/100g)<\/td><td>17.5<\/td><\/tr><tr><td>Saturated fatty acids (g\/100g)<\/td><td>7.2<\/td><\/tr><tr><td>Carbohidra\u0163i (g\/100g)<\/td><td>43.7<\/td><\/tr><tr><td>Zah\u0103r (g\/100g)<\/td><td>12.3<\/td><\/tr><tr><td>Proteine (g\/100g)<\/td><td>6.2<\/td><\/tr><tr><td>Sare (NaCl) (g\/100g)<\/td><td>0.7<\/td><\/tr><tr><td>Alergeni<\/td><td>gluten, lapte, ou\u0103, soia<\/td><\/tr><\/tbody><\/table><\/figure>\n","protected":false},"excerpt":{"rendered":"<p>MINI CU IAURT \u0218I C\u0102P\u0218UNI Foietaj predospit, congelat rapid, cu umplutur\u0103 de iaurt \u015fi c\u0103p\u015funi Greutate produs: 29 Valoare nutritiv\u0103 medie \u00een 100g de produse Valoare energetic\u0103 (kJ\/100g) 1511 Valoare energetic\u0103 (kcal\/100g) 361 Gr\u0103simi (g\/100g) 17.5 Saturated fatty acids (g\/100g) 7.2 Carbohidra\u0163i (g\/100g) 43.7 Zah\u0103r (g\/100g) 12.3 Proteine (g\/100g) 6.2 Sare (NaCl) (g\/100g) 0.7 Alergeni [&hellip;]<\/p>\n","protected":false},"author":2,"featured_media":0,"parent":1218,"menu_order":0,"comment_status":"closed","ping_status":"closed","template":"template-page-full-width-vc.php","meta":{"footnotes":""},"_links":{"self":[{"href":"https:\/\/www.fornetti.md\/index.php?rest_route=\/wp\/v2\/pages\/2218"}],"collection":[{"href":"https:\/\/www.fornetti.md\/index.php?rest_route=\/wp\/v2\/pages"}],"about":[{"href":"https:\/\/www.fornetti.md\/index.php?rest_route=\/wp\/v2\/types\/page"}],"author":[{"embeddable":true,"href":"https:\/\/www.fornetti.md\/index.php?rest_route=\/wp\/v2\/users\/2"}],"replies":[{"embeddable":true,"href":"https:\/\/www.fornetti.md\/index.php?rest_route=%2Fwp%2Fv2%2Fcomments&post=2218"}],"version-history":[{"count":4,"href":"https:\/\/www.fornetti.md\/index.php?rest_route=\/wp\/v2\/pages\/2218\/revisions"}],"predecessor-version":[{"id":3017,"href":"https:\/\/www.fornetti.md\/index.php?rest_route=\/wp\/v2\/pages\/2218\/revisions\/3017"}],"up":[{"embeddable":true,"href":"https:\/\/www.fornetti.md\/index.php?rest_route=\/wp\/v2\/pages\/1218"}],"wp:attachment":[{"href":"https:\/\/www.fornetti.md\/index.php?rest_route=%2Fwp%2Fv2%2Fmedia&parent=2218"}],"curies":[{"name":"wp","href":"https:\/\/api.w.org\/{rel}","templated":true}]}}