{"id":2239,"date":"2021-04-26T07:33:38","date_gmt":"2021-04-26T07:33:38","guid":{"rendered":"http:\/\/www.fornetti.md\/?page_id=2239"},"modified":"2021-12-17T09:36:08","modified_gmt":"2021-12-17T09:36:08","slug":"mini-cu-telemea-si-cascaval","status":"publish","type":"page","link":"https:\/\/www.fornetti.md\/?page_id=2239","title":{"rendered":"Mini cu telemea si cascaval"},"content":{"rendered":"\n<h2 class=\"has-text-align-center wp-block-heading\">Mini cu telemea \u0219i ca\u0219caval<\/h2>\n\n\n\n<div class=\"wp-block-image is-style-default\"><figure class=\"aligncenter size-large is-resized\"><img loading=\"lazy\" decoding=\"async\" src=\"http:\/\/www.fornetti.md\/wp-content\/uploads\/2021\/04\/telemea-cascaval.png\" alt=\"\" class=\"wp-image-2240\" width=\"393\" height=\"262\" srcset=\"https:\/\/www.fornetti.md\/wp-content\/uploads\/2021\/04\/telemea-cascaval.png 410w, https:\/\/www.fornetti.md\/wp-content\/uploads\/2021\/04\/telemea-cascaval-300x200.png 300w\" sizes=\"(max-width: 393px) 100vw, 393px\" \/><\/figure><\/div>\n\n\n\n<p class=\"has-text-align-center\">Foietaj predospit, congelat rapid, cu umplutur\u0103 de telemea, ricotta \u015fi ca\u015fcaval<\/p>\n\n\n\n<figure class=\"wp-block-table aligncenter\"><table><tbody><tr><td class=\"has-text-align-left\" data-align=\"left\">Greutate produs:<\/td><td>29<\/td><\/tr><tr><td class=\"has-text-align-left\" data-align=\"left\">Valoare nutritiv\u0103 medie \u00een 100g de produse<\/td><\/tr><tr><td class=\"has-text-align-left\" data-align=\"left\">Valoare energetic\u0103 (kJ\/100g)<\/td><td>1464<\/td><\/tr><tr><td class=\"has-text-align-left\" data-align=\"left\">Valoare energetic\u0103 (kcal\/100g)<\/td><td>350<\/td><\/tr><tr><td class=\"has-text-align-left\" data-align=\"left\">Gr\u0103simi (g\/100g)<\/td><td>27.4<\/td><\/tr><tr><td class=\"has-text-align-left\" data-align=\"left\">Carbohidra\u0163i (g\/100g)<\/td><td>21.8<\/td><\/tr><tr><td class=\"has-text-align-left\" data-align=\"left\">Zah\u0103r (g\/100g)<\/td><td>4.45<\/td><\/tr><tr><td class=\"has-text-align-left\" data-align=\"left\">Proteine (g\/100g)<\/td><td>14.1<\/td><\/tr><tr><td class=\"has-text-align-left\" data-align=\"left\">Sare (NaCl) (g\/100g)<\/td><td>1.7<\/td><\/tr><tr><td class=\"has-text-align-left\" data-align=\"left\">Alergeni<\/td><td>gluten, soia, lapte, ou<\/td><\/tr><\/tbody><\/table><\/figure>\n\n\n\n<h2 class=\"wp-block-heading\"><\/h2>\n","protected":false},"excerpt":{"rendered":"<p>Mini cu telemea \u0219i ca\u0219caval Foietaj predospit, congelat rapid, cu umplutur\u0103 de telemea, ricotta \u015fi ca\u015fcaval Greutate produs: 29 Valoare nutritiv\u0103 medie \u00een 100g de produse Valoare energetic\u0103 (kJ\/100g) 1464 Valoare energetic\u0103 (kcal\/100g) 350 Gr\u0103simi (g\/100g) 27.4 Carbohidra\u0163i (g\/100g) 21.8 Zah\u0103r (g\/100g) 4.45 Proteine (g\/100g) 14.1 Sare (NaCl) (g\/100g) 1.7 Alergeni gluten, soia, lapte, ou<\/p>\n","protected":false},"author":2,"featured_media":0,"parent":1218,"menu_order":0,"comment_status":"closed","ping_status":"closed","template":"template-page-full-width-vc.php","meta":{"footnotes":""},"_links":{"self":[{"href":"https:\/\/www.fornetti.md\/index.php?rest_route=\/wp\/v2\/pages\/2239"}],"collection":[{"href":"https:\/\/www.fornetti.md\/index.php?rest_route=\/wp\/v2\/pages"}],"about":[{"href":"https:\/\/www.fornetti.md\/index.php?rest_route=\/wp\/v2\/types\/page"}],"author":[{"embeddable":true,"href":"https:\/\/www.fornetti.md\/index.php?rest_route=\/wp\/v2\/users\/2"}],"replies":[{"embeddable":true,"href":"https:\/\/www.fornetti.md\/index.php?rest_route=%2Fwp%2Fv2%2Fcomments&post=2239"}],"version-history":[{"count":3,"href":"https:\/\/www.fornetti.md\/index.php?rest_route=\/wp\/v2\/pages\/2239\/revisions"}],"predecessor-version":[{"id":2794,"href":"https:\/\/www.fornetti.md\/index.php?rest_route=\/wp\/v2\/pages\/2239\/revisions\/2794"}],"up":[{"embeddable":true,"href":"https:\/\/www.fornetti.md\/index.php?rest_route=\/wp\/v2\/pages\/1218"}],"wp:attachment":[{"href":"https:\/\/www.fornetti.md\/index.php?rest_route=%2Fwp%2Fv2%2Fmedia&parent=2239"}],"curies":[{"name":"wp","href":"https:\/\/api.w.org\/{rel}","templated":true}]}}