{"id":2887,"date":"2022-04-29T05:25:40","date_gmt":"2022-04-29T05:25:40","guid":{"rendered":"http:\/\/www.fornetti.md\/?page_id=2887"},"modified":"2022-08-23T08:47:08","modified_gmt":"2022-08-23T08:47:08","slug":"placinta-cu-cascaval","status":"publish","type":"page","link":"https:\/\/www.fornetti.md\/?page_id=2887","title":{"rendered":"Pl\u0103cint\u0103 cu ca\u0219caval"},"content":{"rendered":"\n<p>[vc_column][vc_column_text]<\/p>\n\n\n\n<h2 class=\"has-text-align-center wp-block-heading\">Pl\u0103cint\u0103 cu ca\u0219caval<\/h2>\n\n\n\n<figure class=\"wp-block-image aligncenter size-large\"><img decoding=\"async\" src=\"http:\/\/www.fornetti.md\/wp-content\/uploads\/2022\/01\/placinta-cascaval.png\" alt=\"\" class=\"wp-image-2888\"\/><\/figure>\n\n\n\n<p class=\"has-text-align-center\">Foietaj predospit, congelat rapid, cu umplutur\u0103 de ca\u015fcaval<\/p>\n\n\n\n<figure class=\"wp-block-table aligncenter\"><table><tbody><tr><td>Greutatea<\/td><td>130<\/td><\/tr><tr><td>Valoare nutritiv\u0103 medie \u00een 100g de produse<\/td><\/tr><tr><td>Valoare energetic\u0103 (kJ\/100g)<\/td><td>1642<\/td><\/tr><tr><td>Valoare energetic\u0103 (kcal\/100g)<\/td><td>394<\/td><\/tr><tr><td>Saturated fatty acids (g\/100g)<\/td><td>11<\/td><\/tr><tr><td>Gr\u0103simi (g\/100g)<\/td><td>26<\/td><\/tr><tr><td>Carbohidra\u0163i (g\/100g)<\/td><td>29<\/td><\/tr><tr><td>Zah\u0103r (g\/100g)<\/td><td>3<\/td><\/tr><tr><td>Proteine (g\/100g)<\/td><td>9.8<\/td><\/tr><tr><td>Sare (NaCl) (g\/100g)<\/td><td>1.6<\/td><\/tr><tr><td>Alergeni<\/td><td>gluten, soia, lapte, ou<\/td><\/tr><\/tbody><\/table><\/figure>\n\n\n\n<p><\/p>\n","protected":false},"excerpt":{"rendered":"<p>[vc_column][vc_column_text] Pl\u0103cint\u0103 cu ca\u0219caval Foietaj predospit, congelat rapid, cu umplutur\u0103 de ca\u015fcaval Greutatea 130 Valoare nutritiv\u0103 medie \u00een 100g de produse Valoare energetic\u0103 (kJ\/100g) 1642 Valoare energetic\u0103 (kcal\/100g) 394 Saturated fatty acids (g\/100g) 11 Gr\u0103simi (g\/100g) 26 Carbohidra\u0163i (g\/100g) 29 Zah\u0103r (g\/100g) 3 Proteine (g\/100g) 9.8 Sare (NaCl) (g\/100g) 1.6 Alergeni gluten, soia, lapte, ou<\/p>\n","protected":false},"author":2,"featured_media":0,"parent":1250,"menu_order":0,"comment_status":"closed","ping_status":"closed","template":"template-page-full-width-vc.php","meta":{"footnotes":""},"_links":{"self":[{"href":"https:\/\/www.fornetti.md\/index.php?rest_route=\/wp\/v2\/pages\/2887"}],"collection":[{"href":"https:\/\/www.fornetti.md\/index.php?rest_route=\/wp\/v2\/pages"}],"about":[{"href":"https:\/\/www.fornetti.md\/index.php?rest_route=\/wp\/v2\/types\/page"}],"author":[{"embeddable":true,"href":"https:\/\/www.fornetti.md\/index.php?rest_route=\/wp\/v2\/users\/2"}],"replies":[{"embeddable":true,"href":"https:\/\/www.fornetti.md\/index.php?rest_route=%2Fwp%2Fv2%2Fcomments&post=2887"}],"version-history":[{"count":8,"href":"https:\/\/www.fornetti.md\/index.php?rest_route=\/wp\/v2\/pages\/2887\/revisions"}],"predecessor-version":[{"id":3156,"href":"https:\/\/www.fornetti.md\/index.php?rest_route=\/wp\/v2\/pages\/2887\/revisions\/3156"}],"up":[{"embeddable":true,"href":"https:\/\/www.fornetti.md\/index.php?rest_route=\/wp\/v2\/pages\/1250"}],"wp:attachment":[{"href":"https:\/\/www.fornetti.md\/index.php?rest_route=%2Fwp%2Fv2%2Fmedia&parent=2887"}],"curies":[{"name":"wp","href":"https:\/\/api.w.org\/{rel}","templated":true}]}}