{"id":2892,"date":"2022-04-29T05:26:03","date_gmt":"2022-04-29T05:26:03","guid":{"rendered":"http:\/\/www.fornetti.md\/?page_id=2892"},"modified":"2022-08-26T07:17:36","modified_gmt":"2022-08-26T07:17:36","slug":"gogoasa-cu-gem-de-fructe","status":"publish","type":"page","link":"https:\/\/www.fornetti.md\/?page_id=2892","title":{"rendered":"Gogoa\u0219\u0103 cu gem de fructe"},"content":{"rendered":"\n<p>[vc_column][vc_column_text]<\/p>\n\n\n\n<h2 class=\"has-text-align-center wp-block-heading\">Gogoa\u0219\u0103 cu gem de fructe<\/h2>\n\n\n\n<figure class=\"wp-block-image aligncenter size-large is-resized\"><img loading=\"lazy\" decoding=\"async\" src=\"http:\/\/www.fornetti.md\/wp-content\/uploads\/2022\/01\/cu-gem-de-fructejpg.jpg\" alt=\"\" class=\"wp-image-2893\" width=\"357\" height=\"357\"\/><\/figure>\n\n\n\n<p class=\"has-text-align-center\">Foietaj f\u0103r\u0103 drojdie, cu umplutur\u0103 de gem din fructe<\/p>\n\n\n\n<figure class=\"wp-block-table aligncenter\"><table><tbody><tr><td>Greutatea<\/td><td>60<\/td><\/tr><tr><td>Valoare nutritiv\u0103 medie \u00een 100g de produse<\/td><\/tr><tr><td>Valoare energetic\u0103 (kJ\/100g)<\/td><td>1467<\/td><\/tr><tr><td>Valoare energetic\u0103 (kcal\/100g)<\/td><td>350<\/td><\/tr><tr><td>Gr\u0103simi (g\/100g)<\/td><td>14<\/td><\/tr><tr><td>Saturated fatty acids (g\/100g)<\/td><td>5.2<\/td><\/tr><tr><td>Carbohidra\u0163i (g\/100g)<\/td><td>47<\/td><\/tr><tr><td>Zah\u0103r (g\/100g)<\/td><td>13<\/td><\/tr><tr><td>Proteine (g\/100g)<\/td><td>7.6<\/td><\/tr><tr><td>Sare (NaCl) (g\/100g)<\/td><td>0.92<\/td><\/tr><tr><td>Alergeni<\/td><td>gluten, <br>lapte, <br>produse lactate, <br>ou, derivate din ou<\/td><\/tr><\/tbody><\/table><\/figure>\n","protected":false},"excerpt":{"rendered":"<p>[vc_column][vc_column_text] Gogoa\u0219\u0103 cu gem de fructe Foietaj f\u0103r\u0103 drojdie, cu umplutur\u0103 de gem din fructe Greutatea 60 Valoare nutritiv\u0103 medie \u00een 100g de produse Valoare energetic\u0103 (kJ\/100g) 1467 Valoare energetic\u0103 (kcal\/100g) 350 Gr\u0103simi (g\/100g) 14 Saturated fatty acids (g\/100g) 5.2 Carbohidra\u0163i (g\/100g) 47 Zah\u0103r (g\/100g) 13 Proteine (g\/100g) 7.6 Sare (NaCl) (g\/100g) 0.92 Alergeni gluten, [&hellip;]<\/p>\n","protected":false},"author":2,"featured_media":0,"parent":1250,"menu_order":0,"comment_status":"closed","ping_status":"closed","template":"template-page-full-width-vc.php","meta":{"footnotes":""},"_links":{"self":[{"href":"https:\/\/www.fornetti.md\/index.php?rest_route=\/wp\/v2\/pages\/2892"}],"collection":[{"href":"https:\/\/www.fornetti.md\/index.php?rest_route=\/wp\/v2\/pages"}],"about":[{"href":"https:\/\/www.fornetti.md\/index.php?rest_route=\/wp\/v2\/types\/page"}],"author":[{"embeddable":true,"href":"https:\/\/www.fornetti.md\/index.php?rest_route=\/wp\/v2\/users\/2"}],"replies":[{"embeddable":true,"href":"https:\/\/www.fornetti.md\/index.php?rest_route=%2Fwp%2Fv2%2Fcomments&post=2892"}],"version-history":[{"count":9,"href":"https:\/\/www.fornetti.md\/index.php?rest_route=\/wp\/v2\/pages\/2892\/revisions"}],"predecessor-version":[{"id":3212,"href":"https:\/\/www.fornetti.md\/index.php?rest_route=\/wp\/v2\/pages\/2892\/revisions\/3212"}],"up":[{"embeddable":true,"href":"https:\/\/www.fornetti.md\/index.php?rest_route=\/wp\/v2\/pages\/1250"}],"wp:attachment":[{"href":"https:\/\/www.fornetti.md\/index.php?rest_route=%2Fwp%2Fv2%2Fmedia&parent=2892"}],"curies":[{"name":"wp","href":"https:\/\/api.w.org\/{rel}","templated":true}]}}