{"id":2939,"date":"2022-04-29T10:00:15","date_gmt":"2022-04-29T10:00:15","guid":{"rendered":"http:\/\/www.fornetti.md\/?page_id=2939"},"modified":"2022-04-29T11:07:28","modified_gmt":"2022-04-29T11:07:28","slug":"din-mai-in-magazinele-fornetti","status":"publish","type":"page","link":"https:\/\/www.fornetti.md\/?page_id=2939","title":{"rendered":"Din mai, 2022,\u00een magazinele Fornetti:"},"content":{"rendered":"\n<p class=\"has-text-align-center\"><strong> <\/strong><\/p>\n\n\n\n<p class=\"has-text-align-center\"><span style=\"color:#a37c00\" class=\"has-inline-color\"><strong> <\/strong><\/span><span style=\"color:#d5580b\" class=\"has-inline-color\"><strong>Din luna mai, 2022, \u00een magazinele Fornetti g\u0103si\u021bi produse noi:<\/strong><\/span><\/p>\n\n\n\n<div class=\"wp-block-image\"><figure class=\"aligncenter size-large is-resized\"><a href=\"http:\/\/www.fornetti.md\/la-bucata\/gogoasa-cu-gem-de-fructe\/\"><img loading=\"lazy\" decoding=\"async\" src=\"http:\/\/www.fornetti.md\/wp-content\/uploads\/2022\/01\/cu-gem-de-fructejpg-e1651225445660.jpg\" alt=\"\" class=\"wp-image-2893\" width=\"158\" height=\"158\"\/><\/a><figcaption><strong><a href=\"http:\/\/www.fornetti.md\/la-bucata\/gogoasa-cu-gem-de-fructe\/(se deschide \u00eentr-o fil\u0103 nou\u0103)\">Gogoa\u0219\u0103 cu gem de fructe<\/a><\/strong><\/figcaption><\/figure><\/div>\n\n\n\n<div class=\"wp-block-image\"><figure class=\"aligncenter size-large is-resized\"><a href=\"http:\/\/www.fornetti.md\/la-bucata\/placinta-cu-branza-sarata\/\"><img loading=\"lazy\" decoding=\"async\" src=\"http:\/\/www.fornetti.md\/wp-content\/uploads\/2022\/01\/cu-branza-sarata-e1651225582827.png\" alt=\"\" class=\"wp-image-2877\" width=\"186\" height=\"124\"\/><\/a><figcaption><span class=\"has-inline-color has-vivid-red-color\"><strong><a href=\"http:\/\/www.fornetti.md\/la-bucata\/placinta-cu-branza-sarata\/\">Pl\u0103cint\u0103 cu br\u00e2nz\u0103 s\u0103rat\u0103<\/a><\/strong><\/span><\/figcaption><\/figure><\/div>\n\n\n\n<div class=\"wp-block-image\"><figure class=\"aligncenter size-large is-resized\"><a href=\"http:\/\/www.fornetti.md\/la-bucata\/placinta-cu-cascaval\/\"><img loading=\"lazy\" decoding=\"async\" src=\"http:\/\/www.fornetti.md\/wp-content\/uploads\/2022\/01\/placinta-cascaval-e1651225500726.png\" alt=\"\" class=\"wp-image-2888\" width=\"180\" height=\"120\"\/><\/a><figcaption><span class=\"has-inline-color has-vivid-red-color\"><strong><a href=\"http:\/\/www.fornetti.md\/la-bucata\/placinta-cu-cascaval\">Pl\u0103cint\u0103 cu ca\u0219caval<\/a><\/strong><\/span><\/figcaption><\/figure><\/div>\n\n\n\n<p>      <\/p>\n","protected":false},"excerpt":{"rendered":"<p>Din luna mai, 2022, \u00een magazinele Fornetti g\u0103si\u021bi produse noi:<\/p>\n","protected":false},"author":2,"featured_media":0,"parent":1577,"menu_order":0,"comment_status":"closed","ping_status":"closed","template":"template-page-full-width-vc.php","meta":{"footnotes":""},"_links":{"self":[{"href":"https:\/\/www.fornetti.md\/index.php?rest_route=\/wp\/v2\/pages\/2939"}],"collection":[{"href":"https:\/\/www.fornetti.md\/index.php?rest_route=\/wp\/v2\/pages"}],"about":[{"href":"https:\/\/www.fornetti.md\/index.php?rest_route=\/wp\/v2\/types\/page"}],"author":[{"embeddable":true,"href":"https:\/\/www.fornetti.md\/index.php?rest_route=\/wp\/v2\/users\/2"}],"replies":[{"embeddable":true,"href":"https:\/\/www.fornetti.md\/index.php?rest_route=%2Fwp%2Fv2%2Fcomments&post=2939"}],"version-history":[{"count":9,"href":"https:\/\/www.fornetti.md\/index.php?rest_route=\/wp\/v2\/pages\/2939\/revisions"}],"predecessor-version":[{"id":3037,"href":"https:\/\/www.fornetti.md\/index.php?rest_route=\/wp\/v2\/pages\/2939\/revisions\/3037"}],"up":[{"embeddable":true,"href":"https:\/\/www.fornetti.md\/index.php?rest_route=\/wp\/v2\/pages\/1577"}],"wp:attachment":[{"href":"https:\/\/www.fornetti.md\/index.php?rest_route=%2Fwp%2Fv2%2Fmedia&parent=2939"}],"curies":[{"name":"wp","href":"https:\/\/api.w.org\/{rel}","templated":true}]}}