{"id":3079,"date":"2022-08-18T07:07:37","date_gmt":"2022-08-18T07:07:37","guid":{"rendered":"http:\/\/www.fornetti.md\/?page_id=3079"},"modified":"2022-08-26T07:03:17","modified_gmt":"2022-08-26T07:03:17","slug":"bastonase-cu-cascaval","status":"publish","type":"page","link":"https:\/\/www.fornetti.md\/?page_id=3079","title":{"rendered":"Bastona\u0219e cu ca\u0219caval"},"content":{"rendered":"\n<p>[vc_column][vc_column_text]<\/p>\n\n\n\n<p class=\"has-text-align-center\" style=\"font-size:clamp(16.293px, 1.018rem + ((1vw - 3.2px) * 0.907), 25px);\"><strong>BASTONA\u0218E CU CA\u0218CAVAL<\/strong><\/p>\n\n\n\n<figure class=\"wp-block-image aligncenter size-full\"><a href=\"http:\/\/www.fornetti.md\/bastonase-cu-cascaval\/\"><img decoding=\"async\" src=\"http:\/\/www.fornetti.md\/wp-content\/uploads\/2022\/08\/BASTO.png\" alt=\"\" class=\"wp-image-3090\"\/><\/a><\/figure>\n\n\n\n<p class=\"has-text-align-center\">Foietaj f\u0103r\u0103 drojdie, congelat rapid, cu umplutur\u0103 de ca\u015fcaval<\/p>\n\n\n\n<figure class=\"wp-block-table aligncenter\"><table><tbody><tr><td class=\"has-text-align-left\" data-align=\"left\">Greutatea:<\/td><td>25<\/td><\/tr><tr><td class=\"has-text-align-left\" data-align=\"left\">Valoare nutritiv\u0103 medie \u00een 100g de produse<\/td><\/tr><tr><td class=\"has-text-align-left\" data-align=\"left\">Valoare energetic\u0103 (kJ\/100g)<\/td><td>1849<\/td><\/tr><tr><td class=\"has-text-align-left\" data-align=\"left\">Valoare energetic\u0103 (kcal\/100g)<\/td><td>444<\/td><\/tr><tr><td class=\"has-text-align-left\" data-align=\"left\">Gr\u0103simi (g\/100g)<\/td><td>28.8<\/td><\/tr><tr><td class=\"has-text-align-left\" data-align=\"left\">Saturated fatty acids (g\/100g)<\/td><td>14.2<\/td><\/tr><tr><td class=\"has-text-align-left\" data-align=\"left\">Carbohidra\u0163i (g\/100g)<\/td><td>34.3<\/td><\/tr><tr><td class=\"has-text-align-left\" data-align=\"left\">Zah\u0103r (g\/100g)<\/td><td>3.2<\/td><\/tr><tr><td class=\"has-text-align-left\" data-align=\"left\">Proteine (g\/100g)<\/td><td>10.49<\/td><\/tr><tr><td class=\"has-text-align-left\" data-align=\"left\">Sare (NaCl) (g\/100g)<\/td><td>1.7<\/td><\/tr><tr><td class=\"has-text-align-left\" data-align=\"left\">Alergeni<\/td><td>gluten, lapte, ou, soia, <br>semin\u021be de susan<br> \u0219i produse derivate<\/td><\/tr><\/tbody><\/table><\/figure>\n","protected":false},"excerpt":{"rendered":"<p>[vc_column][vc_column_text] BASTONA\u0218E CU CA\u0218CAVAL Foietaj f\u0103r\u0103 drojdie, congelat rapid, cu umplutur\u0103 de ca\u015fcaval Greutatea: 25 Valoare nutritiv\u0103 medie \u00een 100g de produse Valoare energetic\u0103 (kJ\/100g) 1849 Valoare energetic\u0103 (kcal\/100g) 444 Gr\u0103simi (g\/100g) 28.8 Saturated fatty acids (g\/100g) 14.2 Carbohidra\u0163i (g\/100g) 34.3 Zah\u0103r (g\/100g) 3.2 Proteine (g\/100g) 10.49 Sare (NaCl) (g\/100g) 1.7 Alergeni gluten, lapte, ou, [&hellip;]<\/p>\n","protected":false},"author":2,"featured_media":0,"parent":1218,"menu_order":0,"comment_status":"closed","ping_status":"closed","template":"template-page-full-width-vc.php","meta":{"footnotes":""},"_links":{"self":[{"href":"https:\/\/www.fornetti.md\/index.php?rest_route=\/wp\/v2\/pages\/3079"}],"collection":[{"href":"https:\/\/www.fornetti.md\/index.php?rest_route=\/wp\/v2\/pages"}],"about":[{"href":"https:\/\/www.fornetti.md\/index.php?rest_route=\/wp\/v2\/types\/page"}],"author":[{"embeddable":true,"href":"https:\/\/www.fornetti.md\/index.php?rest_route=\/wp\/v2\/users\/2"}],"replies":[{"embeddable":true,"href":"https:\/\/www.fornetti.md\/index.php?rest_route=%2Fwp%2Fv2%2Fcomments&post=3079"}],"version-history":[{"count":12,"href":"https:\/\/www.fornetti.md\/index.php?rest_route=\/wp\/v2\/pages\/3079\/revisions"}],"predecessor-version":[{"id":3206,"href":"https:\/\/www.fornetti.md\/index.php?rest_route=\/wp\/v2\/pages\/3079\/revisions\/3206"}],"up":[{"embeddable":true,"href":"https:\/\/www.fornetti.md\/index.php?rest_route=\/wp\/v2\/pages\/1218"}],"wp:attachment":[{"href":"https:\/\/www.fornetti.md\/index.php?rest_route=%2Fwp%2Fv2%2Fmedia&parent=3079"}],"curies":[{"name":"wp","href":"https:\/\/api.w.org\/{rel}","templated":true}]}}