{"id":3647,"date":"2024-04-16T07:46:40","date_gmt":"2024-04-16T07:46:40","guid":{"rendered":"http:\/\/www.fornetti.md\/?page_id=3647"},"modified":"2024-04-19T14:14:02","modified_gmt":"2024-04-19T14:14:02","slug":"mini-cu-mar","status":"publish","type":"page","link":"https:\/\/www.fornetti.md\/?page_id=3647","title":{"rendered":"Mini cu m\u0103r"},"content":{"rendered":"\n<p><\/p>\n\n\n\n<p class=\"has-text-align-center has-large-font-size\"><strong>Mini cu m\u0103r<\/strong><\/p>\n\n\n\n<figure class=\"wp-block-image aligncenter size-full is-resized\"><img loading=\"lazy\" decoding=\"async\" width=\"410\" height=\"273\" src=\"http:\/\/www.fornetti.md\/wp-content\/uploads\/Mar.png\" alt=\"\" class=\"wp-image-3648\" style=\"width:410px;height:auto\" srcset=\"https:\/\/www.fornetti.md\/wp-content\/uploads\/Mar.png 410w, https:\/\/www.fornetti.md\/wp-content\/uploads\/Mar-300x200.png 300w, https:\/\/www.fornetti.md\/wp-content\/uploads\/Mar-150x100.png 150w\" sizes=\"(max-width: 410px) 100vw, 410px\" \/><\/figure>\n\n\n\n<p class=\"has-text-align-center\">Foietaj f\u0103r\u0103 drojdie, congelat rapid, cu umplutur\u0103 de mere<\/p>\n\n\n\n<figure class=\"wp-block-table aligncenter\"><table><tbody><tr><td>Greutate produs:<\/td><td>35<\/td><\/tr><tr><td colspan=\"2\">Valoare nutritiv\u0103 medie \u00een 100g de produse<\/td><\/tr><tr><td>Valoare energetic\u0103 (kJ\/100g)<\/td><td>1364<\/td><\/tr><tr><td>Valoare energetic\u0103 (kcal\/100g)<\/td><td>326<\/td><\/tr><tr><td>Gr\u0103simi (g\/100g)<\/td><td>14.9<\/td><\/tr><tr><td>Saturated fatty acids (g\/100g)<\/td><td>6.8<\/td><\/tr><tr><td>Carbohidra\u0163i (g\/100g)<\/td><td>41.4<\/td><\/tr><tr><td>Zah\u0103r (g\/100g)<\/td><td>11.8<\/td><\/tr><tr><td>Proteine (g\/100g)<\/td><td>5.9<\/td><\/tr><tr><td>Sare (NaCl) (g\/100g)<\/td><td>0.58<\/td><\/tr><tr><td>Alergeni<\/td><td>gluten<\/td><\/tr><\/tbody><\/table><\/figure>\n","protected":false},"excerpt":{"rendered":"<p>Mini cu m\u0103r Foietaj f\u0103r\u0103 drojdie, congelat rapid, cu umplutur\u0103 de mere Greutate produs: 35 Valoare nutritiv\u0103 medie \u00een 100g de produse Valoare energetic\u0103 (kJ\/100g) 1364 Valoare energetic\u0103 (kcal\/100g) 326 Gr\u0103simi (g\/100g) 14.9 Saturated fatty acids (g\/100g) 6.8 Carbohidra\u0163i (g\/100g) 41.4 Zah\u0103r (g\/100g) 11.8 Proteine (g\/100g) 5.9 Sare (NaCl) (g\/100g) 0.58 Alergeni gluten<\/p>\n","protected":false},"author":2,"featured_media":0,"parent":1218,"menu_order":0,"comment_status":"closed","ping_status":"closed","template":"template-page-full-width-vc.php","meta":{"footnotes":""},"_links":{"self":[{"href":"https:\/\/www.fornetti.md\/index.php?rest_route=\/wp\/v2\/pages\/3647"}],"collection":[{"href":"https:\/\/www.fornetti.md\/index.php?rest_route=\/wp\/v2\/pages"}],"about":[{"href":"https:\/\/www.fornetti.md\/index.php?rest_route=\/wp\/v2\/types\/page"}],"author":[{"embeddable":true,"href":"https:\/\/www.fornetti.md\/index.php?rest_route=\/wp\/v2\/users\/2"}],"replies":[{"embeddable":true,"href":"https:\/\/www.fornetti.md\/index.php?rest_route=%2Fwp%2Fv2%2Fcomments&post=3647"}],"version-history":[{"count":7,"href":"https:\/\/www.fornetti.md\/index.php?rest_route=\/wp\/v2\/pages\/3647\/revisions"}],"predecessor-version":[{"id":3794,"href":"https:\/\/www.fornetti.md\/index.php?rest_route=\/wp\/v2\/pages\/3647\/revisions\/3794"}],"up":[{"embeddable":true,"href":"https:\/\/www.fornetti.md\/index.php?rest_route=\/wp\/v2\/pages\/1218"}],"wp:attachment":[{"href":"https:\/\/www.fornetti.md\/index.php?rest_route=%2Fwp%2Fv2%2Fmedia&parent=3647"}],"curies":[{"name":"wp","href":"https:\/\/api.w.org\/{rel}","templated":true}]}}