{"id":3670,"date":"2024-04-16T08:27:37","date_gmt":"2024-04-16T08:27:37","guid":{"rendered":"http:\/\/www.fornetti.md\/?page_id=3670"},"modified":"2024-04-19T14:41:31","modified_gmt":"2024-04-19T14:41:31","slug":"mini-cu-pizza","status":"publish","type":"page","link":"https:\/\/www.fornetti.md\/?page_id=3670","title":{"rendered":"Mini cu pizza"},"content":{"rendered":"\n<h2 class=\"wp-block-heading has-text-align-center\">Mini cu pizza<\/h2>\n\n\n\n<p class=\"has-text-align-center\">Foietaj predospit, congelat rapid, cu umplutur\u0103 cu gust de pizza<\/p>\n\n\n\n<figure class=\"wp-block-image aligncenter size-full is-resized\"><img loading=\"lazy\" decoding=\"async\" width=\"410\" height=\"273\" src=\"http:\/\/www.fornetti.md\/wp-content\/uploads\/Pizza.png\" alt=\"\" class=\"wp-image-3671\" style=\"width:410px;height:auto\" srcset=\"https:\/\/www.fornetti.md\/wp-content\/uploads\/Pizza.png 410w, https:\/\/www.fornetti.md\/wp-content\/uploads\/Pizza-300x200.png 300w, https:\/\/www.fornetti.md\/wp-content\/uploads\/Pizza-150x100.png 150w\" sizes=\"(max-width: 410px) 100vw, 410px\" \/><\/figure>\n\n\n\n<figure class=\"wp-block-table aligncenter\"><table><tbody><tr><td class=\"has-text-align-left\" data-align=\"left\">Greutate produs:<\/td><td class=\"has-text-align-left\" data-align=\"left\">25<\/td><\/tr><tr><td class=\"has-text-align-left\" data-align=\"left\" colspan=\"2\">Valoare nutritiv\u0103 medie \u00een 100g de produse<\/td><\/tr><tr><td class=\"has-text-align-left\" data-align=\"left\">Valoare energetic\u0103 (kJ\/100g)<\/td><td class=\"has-text-align-left\" data-align=\"left\">1389<\/td><\/tr><tr><td class=\"has-text-align-left\" data-align=\"left\">Valoare energetic\u0103 (kcal\/100g)<\/td><td class=\"has-text-align-left\" data-align=\"left\">332<\/td><\/tr><tr><td class=\"has-text-align-left\" data-align=\"left\">Gr\u0103simi (g\/100g)<\/td><td class=\"has-text-align-left\" data-align=\"left\">17<\/td><\/tr><tr><td class=\"has-text-align-left\" data-align=\"left\">Saturated fatty acids (g\/100g)<\/td><td class=\"has-text-align-left\" data-align=\"left\">8.3<\/td><\/tr><tr><td class=\"has-text-align-left\" data-align=\"left\">Carbohidra\u0163i (g\/100g)<\/td><td class=\"has-text-align-left\" data-align=\"left\">36.4<\/td><\/tr><tr><td class=\"has-text-align-left\" data-align=\"left\">Zah\u0103r (g\/100g)<\/td><td class=\"has-text-align-left\" data-align=\"left\">4.4<\/td><\/tr><tr><td class=\"has-text-align-left\" data-align=\"left\">Proteine (g\/100g)<\/td><td class=\"has-text-align-left\" data-align=\"left\">7.7<\/td><\/tr><tr><td class=\"has-text-align-left\" data-align=\"left\">Sare (NaCl) (g\/100g)<\/td><td class=\"has-text-align-left\" data-align=\"left\">1.8<\/td><\/tr><tr><td class=\"has-text-align-left\" data-align=\"left\">Alergeni<\/td><td class=\"has-text-align-left\" data-align=\"left\">gluten, produse derivate<br>din lapte, produse derivate<br>din ou\u0103<\/td><\/tr><\/tbody><\/table><\/figure>\n","protected":false},"excerpt":{"rendered":"<p>Mini cu pizza Foietaj predospit, congelat rapid, cu umplutur\u0103 cu gust de pizza Greutate produs: 25 Valoare nutritiv\u0103 medie \u00een 100g de produse Valoare energetic\u0103 (kJ\/100g) 1389 Valoare energetic\u0103 (kcal\/100g) 332 Gr\u0103simi (g\/100g) 17 Saturated fatty acids (g\/100g) 8.3 Carbohidra\u0163i (g\/100g) 36.4 Zah\u0103r (g\/100g) 4.4 Proteine (g\/100g) 7.7 Sare (NaCl) (g\/100g) 1.8 Alergeni gluten, produse [&hellip;]<\/p>\n","protected":false},"author":2,"featured_media":0,"parent":1218,"menu_order":0,"comment_status":"closed","ping_status":"closed","template":"template-page-full-width-vc.php","meta":{"footnotes":""},"_links":{"self":[{"href":"https:\/\/www.fornetti.md\/index.php?rest_route=\/wp\/v2\/pages\/3670"}],"collection":[{"href":"https:\/\/www.fornetti.md\/index.php?rest_route=\/wp\/v2\/pages"}],"about":[{"href":"https:\/\/www.fornetti.md\/index.php?rest_route=\/wp\/v2\/types\/page"}],"author":[{"embeddable":true,"href":"https:\/\/www.fornetti.md\/index.php?rest_route=\/wp\/v2\/users\/2"}],"replies":[{"embeddable":true,"href":"https:\/\/www.fornetti.md\/index.php?rest_route=%2Fwp%2Fv2%2Fcomments&post=3670"}],"version-history":[{"count":2,"href":"https:\/\/www.fornetti.md\/index.php?rest_route=\/wp\/v2\/pages\/3670\/revisions"}],"predecessor-version":[{"id":3796,"href":"https:\/\/www.fornetti.md\/index.php?rest_route=\/wp\/v2\/pages\/3670\/revisions\/3796"}],"up":[{"embeddable":true,"href":"https:\/\/www.fornetti.md\/index.php?rest_route=\/wp\/v2\/pages\/1218"}],"wp:attachment":[{"href":"https:\/\/www.fornetti.md\/index.php?rest_route=%2Fwp%2Fv2%2Fmedia&parent=3670"}],"curies":[{"name":"wp","href":"https:\/\/api.w.org\/{rel}","templated":true}]}}