{"id":572,"date":"2016-03-03T13:27:21","date_gmt":"2016-03-03T13:27:21","guid":{"rendered":"http:\/\/demo.wpsmartapps.com\/themes\/manual\/?page_id=572"},"modified":"2024-04-15T08:46:46","modified_gmt":"2024-04-15T08:46:46","slug":"home1","status":"publish","type":"page","link":"https:\/\/www.fornetti.md\/","title":{"rendered":"Acas\u0103"},"content":{"rendered":"\n<div class=\"wp-block-group is-layout-flow wp-block-group-is-layout-flow\">\n<p style=\"text-align: center;\">[vc_row row_type=&#8221;row&#8221; stretch_row_type=&#8221;no&#8221; css=&#8221;.vc_custom_1456491347473{margin-top: 50px !important;margin-bottom: 50px !important;}&#8221;][vc_column][vc_column_text]<\/p>\n<p><!--more--><\/p>\n<h3 style=\"text-align: center;\"><img loading=\"lazy\" decoding=\"async\" class=\"alignleft wp-image-1836\" src=\"http:\/\/www.fornetti.md\/wp-content\/uploads\/2019\/05\/copii-300x300.jpg\" alt=\"\" width=\"84\" height=\"84\" srcset=\"https:\/\/www.fornetti.md\/wp-content\/uploads\/2019\/05\/copii-300x300.jpg 300w, https:\/\/www.fornetti.md\/wp-content\/uploads\/2019\/05\/copii-150x150.jpg 150w, https:\/\/www.fornetti.md\/wp-content\/uploads\/2019\/05\/copii.jpg 720w\" sizes=\"(max-width: 84px) 100vw, 84px\" \/><\/h3>\n<h3 style=\"text-align: left;\">Ob\u021binem produse excep\u021bionale \u00eembin\u00e2nd m\u0103iestria me\u0219te\u0219ugului \u0219i\u00a0 dragostea fa\u021b\u0103 de calitate<\/h3>\n<p>[\/vc_column_text][vc_row_inner][vc_column_inner width=&#8221;1\/3&#8243;][manual_theme_icon_text icon_name=&#8221;fa fa-coffee&#8221; display_icon_position=&#8221;left&#8221; use_custom_icon_size=&#8221;no&#8221; title=&#8221;Produse&#8221; text=&#8221;Ne adres\u0103m tuturor categoriilor de consumatori cu produse calde, proaspete, apetisante, \u00eentr-o gam\u0103 sortimental\u0103 potrivit\u0103 oric\u0103rei exigen\u021be de consum.&#8221; icon_color=&#8221;#ec6607&#8243;][\/vc_column_inner][vc_column_inner width=&#8221;1\/3&#8243;][manual_theme_icon_text icon_name=&#8221;fa fa-globe&#8221; display_icon_position=&#8221;left&#8221; use_custom_icon_size=&#8221;no&#8221; title=&#8221;Franciz\u0103&#8221; text=&#8221;Scopul fiec\u0103rei afaceri este ob\u021binerea de profit, cu riscuri minime. Sistemul de franciz\u0103 Fornetti permite ca Dvs. s\u0103 v\u0103 extinde\u0163i oferta magazinului existent cu o investi\u0163ie mic\u0103 sau s\u0103 \u00eencepe\u0163i o afacere nou\u0103, profitabil\u0103.&#8221; icon_color=&#8221;#ec6607&#8243;][\/vc_column_inner][manual_theme_icon_text icon_name=&#8221;fa fa-heart&#8221; display_icon_position=&#8221;left&#8221; use_custom_icon_size=&#8221;no&#8221; title=&#8221;Pentru s\u0103n\u0103tatea ta&#8221; text=&#8221;Selec\u021bion\u0103m cu grij\u0103 materia prim\u0103 \u0219i ingrediente de cea mai bun\u0103 calitate, aliniate la reperele unei alimenta\u021bii s\u0103n\u0103toase.&#8221; icon_color=&#8221;#ec6607&#8243;][\/vc_row_inner][\/vc_column][\/vc_row][vc_row row_type=&#8221;parallax&#8221; background_image=&#8221;1308&#8243; full_width=&#8221;stretch_row&#8221; equal_height=&#8221;yes&#8221; css=&#8221;.vc_custom_1520303708946{margin-top: 40px !important;padding-top: 110px !important;padding-bottom: 110px !important;}&#8221;][vc_column][vc_row_inner][vc_column_inner width=&#8221;1\/4&#8243;][manual_theme_counter position=&#8221;left&#8221; font_weight=&#8221;600&#8243; text_font_weight=&#8221;600&#8243; separator=&#8221;no&#8221; digit=&#8221;1000000&#8243; text=&#8221;Clien\u021bi mul\u021bumi\u021bi&#8221; font_color=&#8221;#ffffff&#8221; text_color=&#8221;#ffffff&#8221;][\/vc_column_inner][vc_column_inner width=&#8221;1\/4&#8243;][manual_theme_counter position=&#8221;center&#8221; font_weight=&#8221;600&#8243; text_font_weight=&#8221;500&#8243; separator=&#8221;yes&#8221; digit=&#8221;3000&#8243; text=&#8221;Filiale \u00een toat\u0103 lumea&#8221; font_color=&#8221;#ffffff&#8221; text_color=&#8221;#ffffff&#8221; separator_color=&#8221;#ffffff&#8221;][\/vc_column_inner][vc_column_inner width=&#8221;1\/4&#8243;][manual_theme_counter position=&#8221;left&#8221; font_weight=&#8221;600&#8243; text_font_weight=&#8221;600&#8243; separator=&#8221;no&#8221; digit=&#8221;100&#8243; text=&#8221;Produse&#8221; font_color=&#8221;#ffffff&#8221; text_color=&#8221;#ffffff&#8221;][\/vc_column_inner][vc_column_inner width=&#8221;1\/4&#8243;][manual_theme_counter position=&#8221;center&#8221; font_weight=&#8221;600&#8243; text_font_weight=&#8221;500&#8243; separator=&#8221;yes&#8221; digit=&#8221;26&#8243; text=&#8221;Ani de la fondare&#8221; font_color=&#8221;#ffffff&#8221; text_color=&#8221;#ffffff&#8221; separator_color=&#8221;#ffffff&#8221;][\/vc_column_inner][\/vc_row_inner][\/vc_column][\/vc_row]<\/p>\n<\/div>\n","protected":false},"excerpt":{"rendered":"<p>[vc_row row_type=&#8221;row&#8221; stretch_row_type=&#8221;no&#8221; css=&#8221;.vc_custom_1456491347473{margin-top: 50px !important;margin-bottom: 50px !important;}&#8221;][vc_column][vc_column_text] [vc_row row_type=&#8221;row&#8221; stretch_row_type=&#8221;no&#8221; css=&#8221;.vc_custom_1456491347473{margin-top: 50px !important;margin-bottom: 50px !important;}&#8221;][vc_column][vc_column_text]<\/p>\n","protected":false},"author":2,"featured_media":3417,"parent":0,"menu_order":0,"comment_status":"closed","ping_status":"closed","template":"template-page-full-width-vc.php","meta":{"footnotes":""},"_links":{"self":[{"href":"https:\/\/www.fornetti.md\/index.php?rest_route=\/wp\/v2\/pages\/572"}],"collection":[{"href":"https:\/\/www.fornetti.md\/index.php?rest_route=\/wp\/v2\/pages"}],"about":[{"href":"https:\/\/www.fornetti.md\/index.php?rest_route=\/wp\/v2\/types\/page"}],"author":[{"embeddable":true,"href":"https:\/\/www.fornetti.md\/index.php?rest_route=\/wp\/v2\/users\/2"}],"replies":[{"embeddable":true,"href":"https:\/\/www.fornetti.md\/index.php?rest_route=%2Fwp%2Fv2%2Fcomments&post=572"}],"version-history":[{"count":78,"href":"https:\/\/www.fornetti.md\/index.php?rest_route=\/wp\/v2\/pages\/572\/revisions"}],"predecessor-version":[{"id":3587,"href":"https:\/\/www.fornetti.md\/index.php?rest_route=\/wp\/v2\/pages\/572\/revisions\/3587"}],"wp:featuredmedia":[{"embeddable":true,"href":"https:\/\/www.fornetti.md\/index.php?rest_route=\/wp\/v2\/media\/3417"}],"wp:attachment":[{"href":"https:\/\/www.fornetti.md\/index.php?rest_route=%2Fwp%2Fv2%2Fmedia&parent=572"}],"curies":[{"name":"wp","href":"https:\/\/api.w.org\/{rel}","templated":true}]}}